{"id":3249,"date":"2020-12-01T13:12:50","date_gmt":"2020-12-01T13:12:50","guid":{"rendered":"https:\/\/augustine.qodeinteractive.com\/?page_id=3249"},"modified":"2023-04-17T08:46:20","modified_gmt":"2023-04-17T08:46:20","slug":"about-us","status":"publish","type":"page","link":"https:\/\/novoresort.com\/es\/about-us","title":{"rendered":"Sobre nosotros"},"content":{"rendered":"<div data-elementor-type=\"wp-page\" data-elementor-id=\"3249\" class=\"elementor elementor-3249\">\n\t\t\t\t\t\t<section class=\"elementor-section elementor-top-section elementor-element elementor-element-269c446 elementor-section-stretched elementor-section-boxed elementor-section-height-default elementor-section-height-default qodef-elementor-content-no\" data-id=\"269c446\" data-element_type=\"section\" data-e-type=\"section\" data-settings=\"{&quot;stretch_section&quot;:&quot;section-stretched&quot;}\">\n\t\t\t\t\t\t<div class=\"elementor-container elementor-column-gap-default\">\n\t\t\t\t\t<div class=\"elementor-column elementor-col-100 elementor-top-column elementor-element elementor-element-429e7668\" data-id=\"429e7668\" data-element_type=\"column\" data-e-type=\"column\">\n\t\t\t<div class=\"elementor-widget-wrap elementor-element-populated\">\n\t\t\t\t\t\t<div class=\"elementor-element elementor-element-2134725d elementor-widget elementor-widget-augustine_core_section_title\" data-id=\"2134725d\" data-element_type=\"widget\" data-e-type=\"widget\" data-widget_type=\"augustine_core_section_title.default\">\n\t\t\t\t<div class=\"elementor-widget-container\">\n\t\t\t\t\t<div class=\"qodef-shortcode qodef-m  qodef-section-title qodef-alignment--left qodef-title-break--disabled qodef-title-appear qodef-title-alt-appear\">\n\t\t\t\t<h3 class=\"qodef-m-title\" style=\"color: #2C21215C\">\n\t\t\t\t\tNovo Sancti Petri \/ Chiclana de la Frontera\t\t\t<\/h3>\n\t\t<\/div>\t\t\t\t<\/div>\n\t\t\t\t<\/div>\n\t\t\t\t\t<\/div>\n\t\t<\/div>\n\t\t\t\t\t<\/div>\n\t\t<\/section>\n\t\t<div class=\"elementor-element elementor-element-fd6e1e4 e-flex e-con-boxed e-con e-parent\" data-id=\"fd6e1e4\" data-element_type=\"container\" data-e-type=\"container\">\n\t\t\t\t\t<div class=\"e-con-inner\">\n\t\t\t\t<div class=\"elementor-element elementor-element-1a86bc4 elementor-widget elementor-widget-text-editor\" data-id=\"1a86bc4\" data-element_type=\"widget\" data-e-type=\"widget\" data-widget_type=\"text-editor.default\">\n\t\t\t\t<div class=\"elementor-widget-container\">\n\t\t\t\t\t\t\t\t\t<h5><span style=\"font-weight: 400;\">Vive tus vacaciones perfectas, con tu familia, con tus amigos en Aparthotel Novo Resort.<\/span><\/h5><p><span style=\"font-weight: 400;\">La costa de la luz gaditana, respira la marea del oc\u00e9ano atl\u00e1ntico, d\u00e9jate mimar en el SPA m\u00e1s grande de Andaluc\u00eda, degusta la comida tradicional de la zona y disfruta de nuestros amplios Apartamentos. Contempla la puesta del sol mientras te acompa\u00f1a el sonido de las olas rompiendo en la orilla.<\/span><\/p><p><span style=\"font-weight: 400;\">Rod\u00e9ate de jardines frondosos, refr\u00e9scate en piscinas con jacuzzi, rel\u00e1jate en la zona wellness y d\u00e9jate envolver de este lugar de ensue\u00f1o.<\/span><\/p><p><span style=\"font-weight: 400;\">Nos encuentras en Novo Sancti Petri, a los pies de la playa de La Barrosa, en la Loma del Puerco , uno de los siete puntos m\u00e1gicos de<\/span><span style=\"font-weight: 400;\">Chiclana de la Frontera.<\/span><\/p><p><span style=\"font-weight: 400;\">Campos de Golf, Senderos, puerto deportivo o paseos a caballo, museos y rutas gastron\u00f3micas, son solo unos pocos ejemplos de la gran variedad deportiva y cultural que ofrece este municipio.<\/span><\/p><p><span style=\"font-weight: 400;\">Para los m\u00e1s peque\u00f1os la diversi\u00f3n est\u00e1 garantizada con cursos de surf, piscina para ni\u00f1os, el Mini Club que ofrece diversas actividades diarias para su entretenimiento, aprendizaje, etc.<\/span><\/p><p><span style=\"font-weight: 400;\">\u00bfNecesitas el servicio de Babysitter, lavander\u00eda, transfer o alguna recomendaci\u00f3n?\u00a0<\/span><\/p><p><span style=\"font-weight: 400;\">La recepci\u00f3n 24 horas con atenci\u00f3n personalizada y multiling\u00fce est\u00e1 a tu entera disposici\u00f3n para que tu tranquilidad y descanso est\u00e9n asegurados.<\/span><\/p><p><span style=\"font-weight: 400;\">Te damos la bienvenida al Aparthotel Novo Resort.<\/span><\/p>\t\t\t\t\t\t\t\t<\/div>\n\t\t\t\t<\/div>\n\t\t\t\t\t<\/div>\n\t\t\t\t<\/div>\n\t\t\t\t<section class=\"elementor-section elementor-top-section elementor-element elementor-element-9b2923c qodef-elementor-content-grid elementor-section-boxed elementor-section-height-default elementor-section-height-default\" data-id=\"9b2923c\" data-element_type=\"section\" data-e-type=\"section\">\n\t\t\t\t\t\t<div class=\"elementor-container elementor-column-gap-default\">\n\t\t\t\t\t<div class=\"elementor-column elementor-col-100 elementor-top-column elementor-element elementor-element-d0abee9\" data-id=\"d0abee9\" data-element_type=\"column\" data-e-type=\"column\">\n\t\t\t<div class=\"elementor-widget-wrap elementor-element-populated\">\n\t\t\t\t\t\t\t<\/div>\n\t\t<\/div>\n\t\t\t\t\t<\/div>\n\t\t<\/section>\n\t\t\t\t<section class=\"elementor-section elementor-top-section elementor-element elementor-element-625a3c3c qodef-elementor-content-grid elementor-section-boxed elementor-section-height-default elementor-section-height-default\" data-id=\"625a3c3c\" data-element_type=\"section\" data-e-type=\"section\">\n\t\t\t\t\t\t<div class=\"elementor-container elementor-column-gap-default\">\n\t\t\t\t\t<div class=\"elementor-column elementor-col-100 elementor-top-column elementor-element elementor-element-67df91d6 elementor-hidden-tablet elementor-hidden-phone\" data-id=\"67df91d6\" data-element_type=\"column\" data-e-type=\"column\">\n\t\t\t<div class=\"elementor-widget-wrap elementor-element-populated\">\n\t\t\t\t\t\t<div class=\"elementor-element elementor-element-803e2ce elementor-widget elementor-widget-image\" data-id=\"803e2ce\" data-element_type=\"widget\" data-e-type=\"widget\" data-widget_type=\"image.default\">\n\t\t\t\t<div class=\"elementor-widget-container\">\n\t\t\t\t\t\t\t\t\t\t\t\t\t\t\t<img data-recalc-dims=\"1\" height=\"300\" width=\"300\" decoding=\"async\" src=\"https:\/\/i0.wp.com\/novoresort.com\/wp-content\/uploads\/2023\/03\/cropped-cropped-Diseno-sin-titulo-2.png?resize=300%2C300&#038;ssl=1\" title=\"cropped-cropped-Diseno-sin-titulo-2.png\" alt=\"cropped-cropped-Diseno-sin-titulo-2.png\" loading=\"lazy\" \/>\t\t\t\t\t\t\t\t\t\t\t\t\t\t\t<\/div>\n\t\t\t\t<\/div>\n\t\t\t\t\t<\/div>\n\t\t<\/div>\n\t\t\t\t\t<\/div>\n\t\t<\/section>\n\t\t<div class=\"elementor-element elementor-element-f357530 e-flex e-con-boxed e-con e-parent\" data-id=\"f357530\" data-element_type=\"container\" data-e-type=\"container\">\n\t\t\t\t\t<div class=\"e-con-inner\">\n\t\t\t\t<div class=\"elementor-element elementor-element-3eba837 elementor-widget-divider--view-line elementor-widget elementor-widget-divider\" data-id=\"3eba837\" data-element_type=\"widget\" data-e-type=\"widget\" data-widget_type=\"divider.default\">\n\t\t\t\t<div class=\"elementor-widget-container\">\n\t\t\t\t\t\t\t<div class=\"elementor-divider\">\n\t\t\t<span class=\"elementor-divider-separator\">\n\t\t\t\t\t\t<\/span>\n\t\t<\/div>\n\t\t\t\t\t\t<\/div>\n\t\t\t\t<\/div>\n\t\t\t\t\t<\/div>\n\t\t\t\t<\/div>\n\t\t<div class=\"elementor-element elementor-element-bd06dfa e-flex e-con-boxed e-con e-parent\" data-id=\"bd06dfa\" data-element_type=\"container\" data-e-type=\"container\">\n\t\t\t\t\t<div class=\"e-con-inner\">\n\t\t\t\t<div class=\"elementor-element elementor-element-f9dcf69 elementor-widget elementor-widget-image\" data-id=\"f9dcf69\" data-element_type=\"widget\" data-e-type=\"widget\" data-widget_type=\"image.default\">\n\t\t\t\t<div class=\"elementor-widget-container\">\n\t\t\t\t\t\t\t\t\t\t\t\t\t\t\t<img fetchpriority=\"high\" decoding=\"async\" width=\"1024\" height=\"683\" src=\"https:\/\/i0.wp.com\/novoresort.com\/wp-content\/uploads\/2023\/02\/APTO.-3-DPOOL-III-copia-scaled.jpg?fit=1024%2C683&amp;ssl=1\" class=\"attachment-large size-large wp-image-11110\" alt=\"\" srcset=\"https:\/\/i0.wp.com\/novoresort.com\/wp-content\/uploads\/2023\/02\/APTO.-3-DPOOL-III-copia-scaled.jpg?w=2560&amp;ssl=1 2560w, https:\/\/i0.wp.com\/novoresort.com\/wp-content\/uploads\/2023\/02\/APTO.-3-DPOOL-III-copia-scaled.jpg?resize=300%2C200&amp;ssl=1 300w, https:\/\/i0.wp.com\/novoresort.com\/wp-content\/uploads\/2023\/02\/APTO.-3-DPOOL-III-copia-scaled.jpg?resize=1024%2C683&amp;ssl=1 1024w, https:\/\/i0.wp.com\/novoresort.com\/wp-content\/uploads\/2023\/02\/APTO.-3-DPOOL-III-copia-scaled.jpg?resize=768%2C512&amp;ssl=1 768w, https:\/\/i0.wp.com\/novoresort.com\/wp-content\/uploads\/2023\/02\/APTO.-3-DPOOL-III-copia-scaled.jpg?resize=1536%2C1024&amp;ssl=1 1536w, https:\/\/i0.wp.com\/novoresort.com\/wp-content\/uploads\/2023\/02\/APTO.-3-DPOOL-III-copia-scaled.jpg?resize=2048%2C1365&amp;ssl=1 2048w, https:\/\/i0.wp.com\/novoresort.com\/wp-content\/uploads\/2023\/02\/APTO.-3-DPOOL-III-copia-scaled.jpg?resize=1320%2C880&amp;ssl=1 1320w, https:\/\/i0.wp.com\/novoresort.com\/wp-content\/uploads\/2023\/02\/APTO.-3-DPOOL-III-copia-scaled.jpg?resize=600%2C400&amp;ssl=1 600w\" sizes=\"(max-width: 1024px) 100vw, 1024px\" \/>\t\t\t\t\t\t\t\t\t\t\t\t\t\t\t<\/div>\n\t\t\t\t<\/div>\n\t\t\t\t\t<\/div>\n\t\t\t\t<\/div>\n\t\t\t\t<\/div>","protected":false},"excerpt":{"rendered":"<p>Novo Sancti Petri \/ Chiclana de la Frontera Live your perfect holiday, with your family, and with your friends at Apart hotel Novo Resort. The coast of C\u00e1diz light, breathe the tide of the Atlantic Ocean, let yourself be pampered in the largest SPA in Andalusia, taste the traditional food of the area and enjoy [&hellip;]<\/p>\n","protected":false},"author":1,"featured_media":0,"parent":0,"menu_order":2,"comment_status":"closed","ping_status":"closed","template":"elementor_theme","meta":{"footnotes":""},"class_list":["post-3249","page","type-page","status-publish","hentry"],"jetpack_sharing_enabled":true,"_links":{"self":[{"href":"https:\/\/novoresort.com\/es\/wp-json\/wp\/v2\/pages\/3249","targetHints":{"allow":["GET"]}}],"collection":[{"href":"https:\/\/novoresort.com\/es\/wp-json\/wp\/v2\/pages"}],"about":[{"href":"https:\/\/novoresort.com\/es\/wp-json\/wp\/v2\/types\/page"}],"author":[{"embeddable":true,"href":"https:\/\/novoresort.com\/es\/wp-json\/wp\/v2\/users\/1"}],"replies":[{"embeddable":true,"href":"https:\/\/novoresort.com\/es\/wp-json\/wp\/v2\/comments?post=3249"}],"version-history":[{"count":0,"href":"https:\/\/novoresort.com\/es\/wp-json\/wp\/v2\/pages\/3249\/revisions"}],"wp:attachment":[{"href":"https:\/\/novoresort.com\/es\/wp-json\/wp\/v2\/media?parent=3249"}],"curies":[{"name":"wp","href":"https:\/\/api.w.org\/{rel}","templated":true}]}}