{"id":13001,"date":"2024-02-12T12:24:24","date_gmt":"2024-02-12T12:24:24","guid":{"rendered":"https:\/\/novoresort.com\/?page_id=13001"},"modified":"2024-02-12T13:14:55","modified_gmt":"2024-02-12T13:14:55","slug":"legal-notice","status":"publish","type":"page","link":"https:\/\/novoresort.com\/es\/legal-notice","title":{"rendered":"Aviso Legal"},"content":{"rendered":"<h4 class=\"wp-block-heading\">Datos Fiscales<\/h4>\n\n\n\n<p>La entidad prestadora de servicios a trav\u00e9s de la direcci\u00f3n de Internet <a href=\"https:\/\/novoresort.com\/es\/\" target=\"_blank\" rel=\"noreferrer noopener\">https:\/\/www.novoresort.com\/<\/a> es la mercantil Barcel\u00f3 Mantenimiento y Gesti\u00f3n S.L. con domicilio Urb. Lomas de Sancti Petri. S\/N, Edif.3 \u2013 Esc.7 \u2013 P.Baja \u2013 Puerta 2,  11130  \u2013 Chiclana de La Frontera (C\u00e1diz) (Espa\u00f1a), con C\u00f3digo de Identificaci\u00f3n Fiscal n\u00famero B72172257, salvo que para un sitio concreto dentro de la web se indique otro responsable espec\u00edfico. La persona responsable de datos es D. Domingo D\u00edaz de Mera Lozano (Administrador).<\/p>\n\n\n\n<p><strong>Estando autorizada para operar en:<\/strong><\/p>\n\n\n\n<ul class=\"wp-block-list\">\n<li>Servicios integrales a edificios e instalaciones<\/li>\n\n\n\n<li>Prestaci\u00f3n de servicios integrales a comunidades y mancomunidades mediante la realizaci\u00f3n de las siguientes actividades por s\u00ed misma o mediante subcontrataci\u00f3n.<\/li>\n\n\n\n<li><strong>Mantenimiento, conservaci\u00f3n y mejora de las instalaciones y servicios generales de equipamiento comunitario de urbanizaciones.<\/strong><\/li>\n<\/ul>\n\n\n\n<p><strong>Datos de contacto:<\/strong><\/p>\n\n\n\n<ul class=\"wp-block-list\">\n<li><a href=\"\/es\/vcuevas@novoresort.com\/\">E-mail: vcuevas@novoresort.com<\/a><\/li>\n\n\n\n<li><a href=\"http:\/\/956 922 162\" target=\"_blank\" rel=\"noreferrer noopener\">Tel\u00e9fono: 956 922 162<\/a><\/li>\n\n\n\n<li><strong>Encargado de tratamiento de datos: Carlos D. Victorino Cuevas Llano<\/strong><\/li>\n<\/ul>\n\n\n\n<h4 class=\"wp-block-heading\">Condiciones generales de uso<\/h4>\n\n\n\n<p>Barcel\u00f3 Mantenimiento y Gesti\u00f3n S.L. se reserva la facultad de efectuar, en cualquier momento y sin previo aviso, modificaciones de la informaci\u00f3n contenida en su Web o en la configuraci\u00f3n y presentaci\u00f3n de \u00e9sta.<\/p>\n\n\n\n<p>Al acceder a esta Web se acepta que Barcel\u00f3 Mantenimiento y Gesti\u00f3n S.L. no ser\u00e1 responsable de consecuencia alguna, da\u00f1o o perjuicio que de Barcel\u00f3 Mantenimiento y Gesti\u00f3n S.L. se deriven de dicho acceso o uso de la informaci\u00f3n de dicha Web o por el acceso a otras materias en Internet a trav\u00e9s de las conexiones con esta Web.<\/p>\n\n\n\n<p>El Copyright del material contenido en esta Web es propiedad de Barcel\u00f3 Mantenimiento y Gesti\u00f3n S.L.. El acceso a \u00e9l no implica licencia para su reproducci\u00f3n y\/ o distribuci\u00f3n y no est\u00e1 permitido hacerlo sin el previo consentimiento.<\/p>\n\n\n\n<p>Las eventuales referencias que se hagan en la Web de Barcel\u00f3 Mantenimiento y Gesti\u00f3n S.L. a cualquier producto, servicio, proceso, enlace, hipertexto o cualquier otra informaci\u00f3n utilizando la marca, el nombre comercial o el fabricante o suministrador, etc. que sean de titularidad de terceros no constituye o implica respaldo, patrocinio o recomendaci\u00f3n por parte de Barcel\u00f3 Mantenimiento y Gesti\u00f3n S.L.<\/p>\n\n\n\n<p>Salvo que espec\u00edficamente se establezca lo contrario, se considerar\u00e1 necesario completar los datos en el formulario existente en esta web. Si no se suministraran todos los datos considerados necesarios, Barcel\u00f3 Mantenimiento y Gesti\u00f3n S.L. no podr\u00e1 prestarle un(os) determinado(s) servicio(s) (en el caso de un formulario para un determinado servicio).<\/p>\n\n\n\n<p>El usuario deber\u00e1 rellenar los formularios con datos verdaderos, exactos, completos y actualizados. El usuario ser\u00e1 el \u00fanico responsable de cualquier da\u00f1o o perjuicio, directo o indirecto, que pudiera ocasionar a Barcel\u00f3 Mantenimiento y Gesti\u00f3n S.L. o a cualquier tercero a causa de la cumplimentaci\u00f3n de los formularios con datos falsos, inexactos, incompletos o no actualizados.<\/p>\n\n\n\n<h4 class=\"wp-block-heading\">Pol\u00edtica de privacidad<\/h4>\n\n\n\n<p>Pol\u00edtica de protecci\u00f3n de datos de Barcel\u00f3 Mantenimiento y Gesti\u00f3n S.L.<\/p>\n\n\n\n<p>A trav\u00e9s del presente aviso, Barcel\u00f3 Mantenimiento y Gesti\u00f3n S.L. , informa a los usuarios de este sitio acerca de su pol\u00edtica de protecci\u00f3n de datos personales, con la finalidad de que decidan libre y voluntariamente si desean facilitar a la mencionada Sociedad Limitada los datos personales que les puedan ser solicitados.<\/p>\n\n\n\n<p>De conformidad con lo establecido en la Ley Org\u00e1nica 15\/99, de 13 de diciembre, de Protecci\u00f3n de Datos de Car\u00e1cter Personal, en adelante LOPD, se informa a los usuarios de la existencia de ficheros automatizados en los que se almacenan los datos que se recaban en los distintos formularios de este sitio.<\/p>\n\n\n\n<p>Los ficheros automatizados de datos son responsabilidad de Barcel\u00f3 Mantenimiento y Gesti\u00f3n S.L. , cuya direcci\u00f3n actual es (Urb. Lomas de Sancti Petri. S\/N, Edif.3 \u2013 Esc.7 \u2013 P.Baja \u2013 Puerta 2,  11130  \u2013 Chiclana De La Frontera (C\u00e1diz) Espa\u00f1a) salvo que expl\u00edcitamente se indique otro responsable para un fichero concreto.<\/p>\n\n\n\n<p>Mediante el env\u00edo de esta informaci\u00f3n, el usuario autoriza expresamente a Barcel\u00f3 Mantenimiento y Gesti\u00f3n S.L. o al responsable del fichero que espec\u00edficamente se indique a tratar sus datos personales, en la medida en que sean necesarios para el cumplimiento y mantenimiento de las relaciones existentes entre las partes as\u00ed como, en su caso, el env\u00edo, por cualquier medio incluidos los electr\u00f3nicos, de publicidad u otras ofertas que pudieran resultar de su inter\u00e9s de la entidad y terceros con los que establezca v\u00ednculos de colaboraci\u00f3n, autorizando el usuario a dicha entidad responsable a tratar sus datos para enviarle la informaci\u00f3n que m\u00e1s se adapte a sus necesidades espec\u00edficas.<\/p>\n\n\n\n<p>Asimismo, el usuario autoriza expresamente la cesi\u00f3n de dichos datos a Barcel\u00f3 Mantenimiento y Gesti\u00f3n S.L. que est\u00e9n relacionadas con servicios de matenimiento t gesti\u00f3n de alquileres inmobiliarios as\u00ed como al coasegurador y\/o reasegurador del riesgo y cualquier otra entidad con la que establezca v\u00ednculos de colaboraci\u00f3n para la efectividad de las relaciones contractuales con el usuario en su caso, as\u00ed como para el env\u00edo de informaci\u00f3n comercial de las mismas, por cualquier medio incluidos los electr\u00f3nicos.<\/p>\n\n\n\n<p>En caso de que Barcel\u00f3 Mantenimiento y Gesti\u00f3n S.L. se propusiera ceder a terceros los datos personales de los usuarios que recoge a trav\u00e9s de este sitio, lo comunicar\u00e1 debidamente a los afectados especificando la identidad de los cesionarios y la finalidad con que van a tratar los datos que se ceden.<\/p>\n\n\n\n<p>Barcel\u00f3 Mantenimiento y Gesti\u00f3n S.L. o aquella entidad que sea en cualquier momento a su vez responsable del fichero, se compromete a guardar la confidencialidad respecto de los datos contenidos en el fichero automatizado de acuerdo con la legislaci\u00f3n aplicable al efecto. Asimismo, se informa al usuario de que, mediante escrito dirigido a la entidad a la direcci\u00f3n Urb. Lomas de Sancti Petri. S\/N, Edif.3 \u2013 Esc.7 \u2013 P.Baja \u2013 Puerta 2,  11130  \u2013 Chiclana De La Frontera \u2013 C\u00e1diz (Espa\u00f1a) a la atenci\u00f3n del Departamento de Relaciones con Clientes o por correo electr\u00f3nico a la direcci\u00f3n de la persona encargada del tratamiento de datos vcuevas@novoresort.com, puede ejercitar sus derechos de acceso, rectificaci\u00f3n, cancelaci\u00f3n y, en su caso, oposici\u00f3n de acuerdo con lo establecido en la Ley Org\u00e1nica 15\/1999, de 13 de diciembre, de Protecci\u00f3n de Datos de Car\u00e1cter Personal y dem\u00e1s normativa aplicable al efecto.<\/p>\n\n\n\n<h4 class=\"wp-block-heading\">Pol\u00edtica de Cookies<\/h4>\n\n\n\n<p>Barcel\u00f3 Mantenimiento y Gesti\u00f3n S.L. comunica a los usuarios, a trav\u00e9s de este aviso, que utiliza cookies cuando el usuario navega por las diferentes pantallas y p\u00e1ginas del sitio.<\/p>\n\n\n\n<p>Una cookie es un archivo de texto muy peque\u00f1o que un servidor web puede guardar en el disco duro de un equipo para almacenar alg\u00fan tipo de informaci\u00f3n sobre el usuario. La cookie identifica el equipo (PC) de forma \u00fanica, y s\u00f3lo puede ser le\u00edda por el sitio web que lo envi\u00f3 al equipo. Normalmente los sitios web utilizan las cookies para obtener informaci\u00f3n estad\u00edstica sobre sus p\u00e1ginas web.<\/p>\n\n\n\n<p>Una cookie no es un archivo ejecutable ni puede propagar o contener un virus, y no puede tener una longitud superior a 4.000 caracteres.<\/p>\n\n\n\n<p>Barcel\u00f3 Mantenimiento y Gesti\u00f3n S.L.utiliza cookies con la exclusiva finalidad de elaborar estad\u00edsticas de utilizaci\u00f3n de su sitio web. La informaci\u00f3n que Barcel\u00f3 Mantenimiento y Gesti\u00f3n S.L. almacena en su equipo mediante este mecanismo consiste \u00fanicamente en un n\u00famero que identifica a su equipo y que permitir\u00e1 reconocerle en sus pr\u00f3ximas visitas a nuestro sitio, no contiene datos personales o informaci\u00f3n econ\u00f3mica o de salud.<\/p>\n\n\n\n<p>Barcel\u00f3 Mantenimiento y Gesti\u00f3n S.L. puede utilizar las cookies con el objeto de reconocer a los usuarios que se hayan registrado y poder ofrecerles un mejor servicio y m\u00e1s personalizado. Asimismo pueden ser utilizadas para obtener informaci\u00f3n acerca de la fecha y hora de la \u00faltima visita del usuario, medir algunos par\u00e1metros de tr\u00e1fico dentro del propio site y estimar el n\u00famero de visitas realizadas, de manera que Barcel\u00f3 Mantenimiento y Gesti\u00f3n S.L. pueda enfocar y ajustar los servicios y promociones de forma m\u00e1s efectiva.<\/p>\n\n\n\n<p>El usuario puede configurar su navegador para aceptar, o no, las cookies que recibe o para que el navegador le avise cuando un servidor quiera guardar una cookie:<\/p>\n\n\n\n<ul class=\"wp-block-list\">\n<li>Si utiliza Microsoft Internet Explorer, en la opci\u00f3n de men\u00fa Herramientas &gt; Opciones de Internet &gt; Privacidad &gt; Configuraci\u00f3n.<\/li>\n\n\n\n<li>Si utiliza Firefox, en la opci\u00f3n de men\u00fa Herramientas &gt; Opciones &gt; Privacidad &gt; Cookies.<\/li>\n<\/ul>\n\n\n\n<p>El usuario podr\u00e1 -en cualquier momento- elegir qu\u00e9 cookies quiere que funcionen en este sitio web mediante:<\/p>\n\n\n\n<p>la configuraci\u00f3n del navegador; por ejemplo:<\/p>\n\n\n\n<p>Chrome, desde http:\/\/support.google.com\/chrome\/bin\/answer.py?hl=es&amp;answer=95647<\/p>\n\n\n\n<p>Explorer, desde https:\/\/support.microsoft.com\/es-es\/help\/278835\/how-to-delete-cookie-files-in-internet-explorer<\/p>\n\n\n\n<p>Firefox, desde http:\/\/support.mozilla.org\/es\/kb\/habilitar-y-deshabilitar-cookies-que-los-sitios-we<\/p>\n\n\n\n<p>Safari, desde https:\/\/support.apple.com\/kb\/PH21411?locale=es_ES&amp;viewlocale=es_ES<\/p>\n\n\n\n<p>Otras herramientas de terceros, disponibles on line, que permiten a los usuarios detectar las cookies en cada sitio web que visita y gestionar su desactivaci\u00f3n (por ejemplo, Ghostery: http:\/\/www.ghostery.com\/privacy-statement, http:\/\/www.ghostery.com\/faq).<\/p>\n\n\n\n<p>Barcel\u00f3 Mantenimiento y Gesti\u00f3n S.L. no se hace responsable del contenido y veracidad de las pol\u00edticas de privacidad de los terceros incluidas en esta pol\u00edtica de cookies.<\/p>\n\n\n\n<p>Barcel\u00f3 Mantenimiento y Gesti\u00f3n S.L. le agradece, en su caso, que active la aceptaci\u00f3n de cookies, esto nos ayuda a obtener datos m\u00e1s precisos que nos permiten mejorar el contenido y el dise\u00f1o de nuestra p\u00e1gina web para adaptarlo a sus preferencias.<\/p>\n\n\n\n<p>En caso de que Barcel\u00f3 Mantenimiento y Gesti\u00f3n S.L. prestara alg\u00fan tipo de servicio especial en el que determine unas previsiones espec\u00edficas diferentes a \u00e9stas en lo relativo a la protecci\u00f3n de datos personales y la utilizaci\u00f3n de cookies, tendr\u00e1 primac\u00eda la aplicaci\u00f3n de las normas particulares indicadas para ese servicio en particular por encima de las presentes, en caso de incongruencia o contradicci\u00f3n.<\/p>\n\n\n\n<h4 class=\"wp-block-heading\">Ampliaci\u00f3n de Google Analytics<\/h4>\n\n\n\n<p>Esta p\u00e1gina web utiliza Google Analytics, un servicio anal\u00edtico web proporcionado por Google, Inc. (\u201cGoogle\u201c). Google Analytics utiliza las llamadas \u201ccookies\u201d, archivos de texto que se instalan en el ordenador y que hacen posible el an\u00e1lisis del comportamiento de los usuarios en Internet. La informaci\u00f3n que genera la cookie acerca del uso que realiza el usuario de la p\u00e1gina web se transmite y se almacena generalmente en los servidores de Google de Estados Unidos. En caso de activar la opci\u00f3n de IP an\u00f3nima en la p\u00e1gina web, la direcci\u00f3n IP no aparecer\u00e1 completa dentro de los pa\u00edses de la Uni\u00f3n Europea o en los dem\u00e1s pa\u00edses que as\u00ed lo hayan acordado dentro del espacio econ\u00f3mico de la Uni\u00f3n Europea. Solo excepcionalmente se transmitir\u00e1 la direcci\u00f3n IP completa a un servidor de Google en Estados Unidos y una vez all\u00ed se acortar\u00e1. \u00danicamente con autorizaci\u00f3n del usuario de la p\u00e1gina, Google utilizar\u00e1 esta informaci\u00f3n con el fin de valorar el comportamiento del usuario en la p\u00e1gina web, generar informes sobre las actividades de la web y ofrecer al due\u00f1o de la p\u00e1gina servicios relacionados con el uso web y de Internet. La direcci\u00f3n IP transmitida por su navegador en el marco de Google Analytics no se asociar\u00e1 con otros datos de Google. El usuario puede evitar el almacenamiento de cookies configurando el navegador correspondientemente de manera que no se almacenen las cookies. Esta configuraci\u00f3n puede afectar a la plena funcionalidad de la p\u00e1gina web. Con el uso de esta web, el usuario est\u00e1 de acuerdo con el procesamiento de datos por Google de la forma anteriormente mencionada. El usuario tambi\u00e9n puede evitar el registro de los datos generados por las cookies y de los relacionados al uso de la p\u00e1gina web (inclu\u00edda la direcci\u00f3n IP), as\u00ed como el procesamiento de los mismos descargando e instalando el siguiente plugin para el navegador disponible a trav\u00e9s de este link: http:\/\/tools.google.com\/dlpage\/gaoptout<\/p>\n\n\n\n<p>Puede desactivar el uso de datos de Google Analytics haciendo clic en este enlace.<\/p>\n\n\n\n<p>A continuaci\u00f3n, se activar\u00e1 una Opt-Out-Cookie que bloquear\u00e1 el uso de sus datos al visitar esta p\u00e1gina web.<\/p>\n\n\n\n<p>M\u00e1s informaci\u00f3n acerca de los t\u00e9rminos y condiciones de uso y pol\u00edtica de privacidad en las condiciones de uso de Google Analytics o en las condiciones generales de Google Analytics. Ten en cuenta que en esta p\u00e1gina el c\u00f3digo de Google analytics incluye la etiqueta \u201cgat._anonymizeIp();\u201d, que asegura la recolecci\u00f3n de direcciones IP de manera an\u00f3nima (m\u00e1scara de IP).<\/p>\n\n\n\n<h4 class=\"wp-block-heading\">reCAPTCHA<\/h4>\n\n\n\n<p>Utilizamos el servicio reCAPTCHA de Google Inc. (Google) para proteger los datos enviados a trav\u00e9s de los formularios de las p\u00e1ginas de nuestros usuarios. Este servicio permite diferenciar los datos enviados por personas de los mensajes automatizados y supone la transmisi\u00f3n de la direcci\u00f3n IP y otros datos requeridos por Google para el uso del servicio reCAPTCHA. Con tal finalidad, los datos ser\u00e1n transmitidos a Google para poder ser utilizados. La direcci\u00f3n IP ser\u00e1 encriptada por Google en los estados miembros de la Uni\u00f3n Europea as\u00ed como en los estados asociados al espacio econ\u00f3mico europeo. Solo en algunos casos excepcionales, las direcciones IP ser\u00e1n transmitidas al servidor de Google en los Estados Unidos para su encriptaci\u00f3n. En nombre del propietario de este sitio web, Google va a utilizar estas informaciones para evaluar el uso del servicio por parte de los usuarios. La direcci\u00f3n IP transmitida por reCAPTCHA se mantendr\u00e1 separada de otros datos de Google. Para estos datos es v\u00e1lida la pol\u00edtica de privacidad de Google. Todos los detalles acerca de la pol\u00edtica de privacidad de Google se pueden leer en la p\u00e1gina https:\/\/www.google.com\/intl\/es\/policies\/privacy\/<\/p>\n\n\n\n<p>Al utilizar el servicio reCAPTCHA, el usuario consiente el tratamiento de los datos sobre \u00e9l de los que Google dispone en la forma y prop\u00f3sitos arriba establecidos.<\/p>","protected":false},"excerpt":{"rendered":"<p>Fiscal Data The entity providing services through the Internet address https:\/\/www.novoresort.com\/ is the company Barcel\u00f3 Mantenimiento y Gesti\u00f3n S.L. with address Urb. Lomas de Sancti Petri. S\/N, Edif.3 &#8211; Esc.7 &#8211; P.Baja &#8211; Puerta 2, 11130 &#8211; Chiclana de La Frontera (C\u00e1diz) (Spain), with Fiscal Identification Code number B72172257, unless for a specific site within [&hellip;]<\/p>\n","protected":false},"author":1,"featured_media":0,"parent":0,"menu_order":33,"comment_status":"closed","ping_status":"closed","template":"","meta":{"footnotes":""},"class_list":["post-13001","page","type-page","status-publish","hentry"],"jetpack_sharing_enabled":true,"_links":{"self":[{"href":"https:\/\/novoresort.com\/es\/wp-json\/wp\/v2\/pages\/13001","targetHints":{"allow":["GET"]}}],"collection":[{"href":"https:\/\/novoresort.com\/es\/wp-json\/wp\/v2\/pages"}],"about":[{"href":"https:\/\/novoresort.com\/es\/wp-json\/wp\/v2\/types\/page"}],"author":[{"embeddable":true,"href":"https:\/\/novoresort.com\/es\/wp-json\/wp\/v2\/users\/1"}],"replies":[{"embeddable":true,"href":"https:\/\/novoresort.com\/es\/wp-json\/wp\/v2\/comments?post=13001"}],"version-history":[{"count":0,"href":"https:\/\/novoresort.com\/es\/wp-json\/wp\/v2\/pages\/13001\/revisions"}],"wp:attachment":[{"href":"https:\/\/novoresort.com\/es\/wp-json\/wp\/v2\/media?parent=13001"}],"curies":[{"name":"wp","href":"https:\/\/api.w.org\/{rel}","templated":true}]}}