{"id":8938,"date":"2021-02-09T09:04:09","date_gmt":"2021-02-09T09:04:09","guid":{"rendered":"https:\/\/augustine.qodeinteractive.com\/?page_id=8938"},"modified":"2023-04-11T13:34:18","modified_gmt":"2023-04-11T13:34:18","slug":"blog","status":"publish","type":"page","link":"https:\/\/novoresort.com\/de\/blog","title":{"rendered":"Blog"},"content":{"rendered":"\t\t<div data-elementor-type=\"wp-page\" data-elementor-id=\"8938\" class=\"elementor elementor-8938\">\n\t\t\t\t\t\t<section class=\"elementor-section elementor-top-section elementor-element elementor-element-c51d7e9 elementor-section-boxed elementor-section-height-default elementor-section-height-default qodef-elementor-content-no\" data-id=\"c51d7e9\" data-element_type=\"section\" data-e-type=\"section\">\n\t\t\t\t\t\t<div class=\"elementor-container elementor-column-gap-default\">\n\t\t\t\t\t<div class=\"elementor-column elementor-col-100 elementor-top-column elementor-element elementor-element-c1d1710\" data-id=\"c1d1710\" data-element_type=\"column\" data-e-type=\"column\">\n\t\t\t<div class=\"elementor-widget-wrap elementor-element-populated\">\n\t\t\t\t\t\t<div class=\"elementor-element elementor-element-fd9badf elementor-widget elementor-widget-augustine_core_blog_list\" data-id=\"fd9badf\" data-element_type=\"widget\" data-e-type=\"widget\" data-widget_type=\"augustine_core_blog_list.default\">\n\t\t\t\t<div class=\"elementor-widget-container\">\n\t\t\t\t\t<div class=\"qodef-shortcode qodef-m  qodef-blog qodef--list qodef-item-layout--standard   qodef-grid qodef-layout--columns  qodef-gutter--huge qodef-col-num--1 qodef-item-layout--standard qodef-pagination--on qodef-pagination-type--standard qodef-responsive--predefined\" data-options=\"{&quot;plugin&quot;:&quot;augustine_core&quot;,&quot;module&quot;:&quot;blog\\\/shortcodes&quot;,&quot;shortcode&quot;:&quot;blog-list&quot;,&quot;post_type&quot;:&quot;post&quot;,&quot;next_page&quot;:&quot;2&quot;,&quot;max_pages_num&quot;:4,&quot;behavior&quot;:&quot;columns&quot;,&quot;images_proportion&quot;:&quot;full&quot;,&quot;columns&quot;:&quot;1&quot;,&quot;columns_responsive&quot;:&quot;predefined&quot;,&quot;space&quot;:&quot;huge&quot;,&quot;posts_per_page&quot;:&quot;5&quot;,&quot;orderby&quot;:&quot;date&quot;,&quot;order&quot;:&quot;ASC&quot;,&quot;additional_params&quot;:&quot;tax&quot;,&quot;tax&quot;:&quot;category&quot;,&quot;tax_slug&quot;:&quot;spa-wellness&quot;,&quot;layout&quot;:&quot;standard&quot;,&quot;title_tag&quot;:&quot;h4&quot;,&quot;excerpt_length&quot;:&quot;370&quot;,&quot;pagination_type&quot;:&quot;standard&quot;,&quot;object_class_name&quot;:&quot;AugustineCoreBlogListShortcode&quot;,&quot;taxonomy_filter&quot;:&quot;category&quot;,&quot;additional_query_args&quot;:{&quot;tax_query&quot;:[{&quot;taxonomy&quot;:&quot;category&quot;,&quot;field&quot;:&quot;slug&quot;,&quot;terms&quot;:&quot;spa-wellness&quot;}]},&quot;space_value&quot;:40}\">\n\t\t<div class=\"qodef-grid-inner clear\">\n\t\t<article class=\"qodef-e qodef-blog-item qodef-grid-item qodef-item--full post-12425 post type-post status-publish format-standard has-post-thumbnail hentry category-spa-wellness tag-agua-de-mar tag-agua-salada tag-agua-salda tag-costa-gaditana tag-la-barrosa tag-playa tag-salud\">\n\t<div class=\"qodef-e-inner\">\n\t\t<div class=\"qodef-e-media\">\n\n\t\t<div class=\"qodef-e-media-image\">\n\t\t<a itemprop=\"url\" href=\"https:\/\/novoresort.com\/de\/beneficios-del-agua-salada\">\n\t\t\t<img fetchpriority=\"high\" decoding=\"async\" width=\"750\" height=\"410\" src=\"https:\/\/i0.wp.com\/novoresort.com\/wp-content\/uploads\/2015\/09\/beneficios-del-agua-salada-portada.png?fit=750%2C410&amp;ssl=1\" class=\"attachment-full size-full wp-post-image\" alt=\"\" srcset=\"https:\/\/i0.wp.com\/novoresort.com\/wp-content\/uploads\/2015\/09\/beneficios-del-agua-salada-portada.png?w=750&amp;ssl=1 750w, https:\/\/i0.wp.com\/novoresort.com\/wp-content\/uploads\/2015\/09\/beneficios-del-agua-salada-portada.png?resize=300%2C164&amp;ssl=1 300w, https:\/\/i0.wp.com\/novoresort.com\/wp-content\/uploads\/2015\/09\/beneficios-del-agua-salada-portada.png?resize=18%2C10&amp;ssl=1 18w, https:\/\/i0.wp.com\/novoresort.com\/wp-content\/uploads\/2015\/09\/beneficios-del-agua-salada-portada.png?resize=598%2C327&amp;ssl=1 598w\" sizes=\"(max-width: 750px) 100vw, 750px\" \/>\t\t<\/a>\n\t<\/div>\n\t<div itemprop=\"dateCreated\" class=\"qodef-e-info-item qodef-e-info-date entry-date \">\n\t<a itemprop=\"url\" href=\"https:\/\/novoresort.com\/de\/2015\/09\">September 10, 2015<\/a>\n<\/div><\/div>\t\t<div class=\"qodef-e-content\">\n\t\t\t<div class=\"qodef-e-info qodef-info--top\">\n\t\t\t\t<div class=\"qodef-e-info-item qodef-e-info-category\">\n\t<a href=\"https:\/\/novoresort.com\/de\/category\/spa-wellness\" rel=\"category tag\">Spa &amp; Wellness<\/a><\/div>\t\t\t<\/div>\n\t\t\t<div class=\"qodef-e-text\">\n\t\t\t\t<h4 itemprop=\"name\" class=\"qodef-e-title entry-title\">\n\t\t\t<a itemprop=\"url\" class=\"qodef-e-title-link\" href=\"https:\/\/novoresort.com\/de\/beneficios-del-agua-salada\">\n\t\t\tBeneficios del agua salada\t\t\t<\/a>\n\t<\/h4>\t\t<p itemprop=\"description\" class=\"qodef-e-excerpt\">\n\t\t\tEn Novo Resort Sancti Petri tenemos la fortuna de estar ubicados en la maravillosa playa de La Barrosa, un enclave que nos permite gozar de los beneficios del agua salada&#8230; \u00a1con\u00f3celos t\u00fa tambi\u00e9n!\t\t<\/p>\n\t\t\t\t<\/div>\n\t\t\t<div class=\"qodef-e-info qodef-info--bottom\">\n\t\t\t\t<div class=\"qodef-e-info-left\">\n\t\t\t\t\t\t<div class=\"qodef-e-read-more\">\n\t\t<a class=\"qodef-shortcode qodef-m  qodef-button qodef-layout--textual  qodef-html--link \" href=\"https:\/\/novoresort.com\/de\/beneficios-del-agua-salada#more-12425\" target=\"_self\"  >\t<span class=\"qodef-m-text\">Continue Reading<\/span><\/a>\t<\/div>\n\t\t\t\t<\/div>\n\t\t\t\t<div class=\"qodef-e-info-right\">\n\n\t\t\t\t<\/div>\n\t\t\t<\/div>\n\t\t<\/div>\n\t<\/div>\n<\/article><article class=\"qodef-e qodef-blog-item qodef-grid-item qodef-item--full post-12426 post type-post status-publish format-standard has-post-thumbnail hentry category-spa-wellness tag-chiclana tag-novo-rsort tag-s-spa tag-spa tag-turismo-andaluz tag-vacaciones tag-wellness\">\n\t<div class=\"qodef-e-inner\">\n\t\t<div class=\"qodef-e-media\">\n\n\t\t<div class=\"qodef-e-media-image\">\n\t\t<a itemprop=\"url\" href=\"https:\/\/novoresort.com\/de\/el-spa-mas-grande-de-andalucia\">\n\t\t\t<img decoding=\"async\" width=\"750\" height=\"410\" src=\"https:\/\/i0.wp.com\/novoresort.com\/wp-content\/uploads\/2015\/09\/spa-mas-grande-portada.png?fit=750%2C410&amp;ssl=1\" class=\"attachment-full size-full wp-post-image\" alt=\"\" srcset=\"https:\/\/i0.wp.com\/novoresort.com\/wp-content\/uploads\/2015\/09\/spa-mas-grande-portada.png?w=750&amp;ssl=1 750w, https:\/\/i0.wp.com\/novoresort.com\/wp-content\/uploads\/2015\/09\/spa-mas-grande-portada.png?resize=300%2C164&amp;ssl=1 300w, https:\/\/i0.wp.com\/novoresort.com\/wp-content\/uploads\/2015\/09\/spa-mas-grande-portada.png?resize=18%2C10&amp;ssl=1 18w, https:\/\/i0.wp.com\/novoresort.com\/wp-content\/uploads\/2015\/09\/spa-mas-grande-portada.png?resize=598%2C327&amp;ssl=1 598w\" sizes=\"(max-width: 750px) 100vw, 750px\" \/>\t\t<\/a>\n\t<\/div>\n\t<div itemprop=\"dateCreated\" class=\"qodef-e-info-item qodef-e-info-date entry-date \">\n\t<a itemprop=\"url\" href=\"https:\/\/novoresort.com\/de\/2015\/09\">September 14, 2015<\/a>\n<\/div><\/div>\t\t<div class=\"qodef-e-content\">\n\t\t\t<div class=\"qodef-e-info qodef-info--top\">\n\t\t\t\t<div class=\"qodef-e-info-item qodef-e-info-category\">\n\t<a href=\"https:\/\/novoresort.com\/de\/category\/spa-wellness\" rel=\"category tag\">Spa &amp; Wellness<\/a><\/div>\t\t\t<\/div>\n\t\t\t<div class=\"qodef-e-text\">\n\t\t\t\t<h4 itemprop=\"name\" class=\"qodef-e-title entry-title\">\n\t\t\t<a itemprop=\"url\" class=\"qodef-e-title-link\" href=\"https:\/\/novoresort.com\/de\/el-spa-mas-grande-de-andalucia\">\n\t\t\tEl spa m\u00e1s grande de Andaluc\u00eda: en Novo Resort Sancti Petri\t\t\t<\/a>\n\t<\/h4>\t\t<p itemprop=\"description\" class=\"qodef-e-excerpt\">\n\t\t\tAs\u00ed como lo lees, el spa m\u00e1s grande de Andaluc\u00eda: en Novo Resort Sancti Petri. Con\u00f3celo y disfr\u00fatalo en nuestras instalaciones&#8230; \u00a1No te pierdas esta galer\u00eda que hemos preparado!\t\t<\/p>\n\t\t\t\t<\/div>\n\t\t\t<div class=\"qodef-e-info qodef-info--bottom\">\n\t\t\t\t<div class=\"qodef-e-info-left\">\n\t\t\t\t\t\t<div class=\"qodef-e-read-more\">\n\t\t<a class=\"qodef-shortcode qodef-m  qodef-button qodef-layout--textual  qodef-html--link \" href=\"https:\/\/novoresort.com\/de\/el-spa-mas-grande-de-andalucia#more-12426\" target=\"_self\"  >\t<span class=\"qodef-m-text\">Continue Reading<\/span><\/a>\t<\/div>\n\t\t\t\t<\/div>\n\t\t\t\t<div class=\"qodef-e-info-right\">\n\n\t\t\t\t<\/div>\n\t\t\t<\/div>\n\t\t<\/div>\n\t<\/div>\n<\/article><article class=\"qodef-e qodef-blog-item qodef-grid-item qodef-item--full post-12740 post type-post status-publish format-standard has-post-thumbnail hentry category-spa-wellness category-tips-tricks tag-chiclana-de-la-frontera tag-mar tag-turismo-andaluz tag-turismo-en-cadiz-2 tag-turismo-playero tag-vacaciones tag-verano\">\n\t<div class=\"qodef-e-inner\">\n\t\t<div class=\"qodef-e-media\">\n\n\t\t<div class=\"qodef-e-media-image\">\n\t\t<a itemprop=\"url\" href=\"https:\/\/novoresort.com\/de\/en-el-mar-la-vida-es-mas-sabrosa-y-lo-sabes\">\n\t\t\t<img decoding=\"async\" width=\"750\" height=\"410\" src=\"https:\/\/i0.wp.com\/novoresort.com\/wp-content\/uploads\/2023\/08\/en-el-mar-portada.png?fit=750%2C410&amp;ssl=1\" class=\"attachment-full size-full wp-post-image\" alt=\"en el mar\" srcset=\"https:\/\/i0.wp.com\/novoresort.com\/wp-content\/uploads\/2023\/08\/en-el-mar-portada.png?w=750&amp;ssl=1 750w, https:\/\/i0.wp.com\/novoresort.com\/wp-content\/uploads\/2023\/08\/en-el-mar-portada.png?resize=300%2C164&amp;ssl=1 300w, https:\/\/i0.wp.com\/novoresort.com\/wp-content\/uploads\/2023\/08\/en-el-mar-portada.png?resize=18%2C10&amp;ssl=1 18w, https:\/\/i0.wp.com\/novoresort.com\/wp-content\/uploads\/2023\/08\/en-el-mar-portada.png?resize=598%2C327&amp;ssl=1 598w\" sizes=\"(max-width: 750px) 100vw, 750px\" \/>\t\t<\/a>\n\t<\/div>\n\t<div itemprop=\"dateCreated\" class=\"qodef-e-info-item qodef-e-info-date entry-date \">\n\t<a itemprop=\"url\" href=\"https:\/\/novoresort.com\/de\/2023\/08\">August 29, 2023<\/a>\n<\/div><\/div>\t\t<div class=\"qodef-e-content\">\n\t\t\t<div class=\"qodef-e-info qodef-info--top\">\n\t\t\t\t<div class=\"qodef-e-info-item qodef-e-info-category\">\n\t<a href=\"https:\/\/novoresort.com\/de\/category\/spa-wellness\" rel=\"category tag\">Spa &amp; Wellness<\/a>, <a href=\"https:\/\/novoresort.com\/de\/category\/tips-tricks\" rel=\"category tag\">Tips &amp; Tricks<\/a><\/div>\t\t\t<\/div>\n\t\t\t<div class=\"qodef-e-text\">\n\t\t\t\t<h4 itemprop=\"name\" class=\"qodef-e-title entry-title\">\n\t\t\t<a itemprop=\"url\" class=\"qodef-e-title-link\" href=\"https:\/\/novoresort.com\/de\/en-el-mar-la-vida-es-mas-sabrosa-y-lo-sabes\">\n\t\t\tEn el mar la vida es m\u00e1s sabrosa&#8230; y lo sabes\t\t\t<\/a>\n\t<\/h4>\t\t<p itemprop=\"description\" class=\"qodef-e-excerpt\">\n\t\t\tEl mar tiene un poder incre\u00edble de encantar a quien lo visita. Si echamos la vista atr\u00e1s en historia de la humanidad, los pueblos costeros siempre han despertado inter\u00e9s, sea por sus productos de mar, por el acceso a v\u00edas comerciales, por su clima saludable o por sus paisajes. Quiz\u00e1 en alg\u00fan viaje a la [&hellip;]\t\t<\/p>\n\t\t\t\t<\/div>\n\t\t\t<div class=\"qodef-e-info qodef-info--bottom\">\n\t\t\t\t<div class=\"qodef-e-info-left\">\n\t\t\t\t\t\t<div class=\"qodef-e-read-more\">\n\t\t<a class=\"qodef-shortcode qodef-m  qodef-button qodef-layout--textual  qodef-html--link \" href=\"https:\/\/novoresort.com\/de\/en-el-mar-la-vida-es-mas-sabrosa-y-lo-sabes\" target=\"_self\"  >\t<span class=\"qodef-m-text\">Read More<\/span><\/a>\t<\/div>\n\t\t\t\t<\/div>\n\t\t\t\t<div class=\"qodef-e-info-right\">\n\n\t\t\t\t<\/div>\n\t\t\t<\/div>\n\t\t<\/div>\n\t<\/div>\n<\/article><article class=\"qodef-e qodef-blog-item qodef-grid-item qodef-item--full post-12768 post type-post status-publish format-standard has-post-thumbnail hentry category-spa-wellness category-tips-tricks tag-bienestar tag-depresion tag-final-del-verano tag-post-vacacional tag-regreso-a-la-rutina tag-salud tag-vacaciones\">\n\t<div class=\"qodef-e-inner\">\n\t\t<div class=\"qodef-e-media\">\n\n\t\t<div class=\"qodef-e-media-image\">\n\t\t<a itemprop=\"url\" href=\"https:\/\/novoresort.com\/de\/9-tips-para-superar-la-depresion-post-vacacional-y-preparar-la-vuelta-al-cole\">\n\t\t\t<img loading=\"lazy\" decoding=\"async\" width=\"750\" height=\"410\" src=\"https:\/\/i0.wp.com\/novoresort.com\/wp-content\/uploads\/2023\/09\/superar-la-depresion-post-vacacional.png?fit=750%2C410&amp;ssl=1\" class=\"attachment-full size-full wp-post-image\" alt=\"superar-la-depresion-post-vacacional\" srcset=\"https:\/\/i0.wp.com\/novoresort.com\/wp-content\/uploads\/2023\/09\/superar-la-depresion-post-vacacional.png?w=750&amp;ssl=1 750w, https:\/\/i0.wp.com\/novoresort.com\/wp-content\/uploads\/2023\/09\/superar-la-depresion-post-vacacional.png?resize=300%2C164&amp;ssl=1 300w, https:\/\/i0.wp.com\/novoresort.com\/wp-content\/uploads\/2023\/09\/superar-la-depresion-post-vacacional.png?resize=18%2C10&amp;ssl=1 18w, https:\/\/i0.wp.com\/novoresort.com\/wp-content\/uploads\/2023\/09\/superar-la-depresion-post-vacacional.png?resize=598%2C327&amp;ssl=1 598w\" sizes=\"(max-width: 750px) 100vw, 750px\" \/>\t\t<\/a>\n\t<\/div>\n\t<div itemprop=\"dateCreated\" class=\"qodef-e-info-item qodef-e-info-date entry-date \">\n\t<a itemprop=\"url\" href=\"https:\/\/novoresort.com\/de\/2023\/09\">September 23, 2023<\/a>\n<\/div><\/div>\t\t<div class=\"qodef-e-content\">\n\t\t\t<div class=\"qodef-e-info qodef-info--top\">\n\t\t\t\t<div class=\"qodef-e-info-item qodef-e-info-category\">\n\t<a href=\"https:\/\/novoresort.com\/de\/category\/spa-wellness\" rel=\"category tag\">Spa &amp; Wellness<\/a>, <a href=\"https:\/\/novoresort.com\/de\/category\/tips-tricks\" rel=\"category tag\">Tips &amp; Tricks<\/a><\/div>\t\t\t<\/div>\n\t\t\t<div class=\"qodef-e-text\">\n\t\t\t\t<h4 itemprop=\"name\" class=\"qodef-e-title entry-title\">\n\t\t\t<a itemprop=\"url\" class=\"qodef-e-title-link\" href=\"https:\/\/novoresort.com\/de\/9-tips-para-superar-la-depresion-post-vacacional-y-preparar-la-vuelta-al-cole\">\n\t\t\t9 tips para superar la depresi\u00f3n post vacacional y preparar la vuelta al cole\t\t\t<\/a>\n\t<\/h4>\t\t<p itemprop=\"description\" class=\"qodef-e-excerpt\">\n\t\t\tSe acab\u00f3 el verano y con \u00e9l las vacaciones. Si estuviste con nosotros en Novo Resort disfrutando de la costa gaditana y sus playas, seguro que poco te anima volver a la realidad. Es normal que te sientas con falta de entusiasmo a la vuelta de vacaciones. Luego de unos d\u00edas de relax habituarse a [&hellip;]\t\t<\/p>\n\t\t\t\t<\/div>\n\t\t\t<div class=\"qodef-e-info qodef-info--bottom\">\n\t\t\t\t<div class=\"qodef-e-info-left\">\n\t\t\t\t\t\t<div class=\"qodef-e-read-more\">\n\t\t<a class=\"qodef-shortcode qodef-m  qodef-button qodef-layout--textual  qodef-html--link \" href=\"https:\/\/novoresort.com\/de\/9-tips-para-superar-la-depresion-post-vacacional-y-preparar-la-vuelta-al-cole\" target=\"_self\"  >\t<span class=\"qodef-m-text\">Read More<\/span><\/a>\t<\/div>\n\t\t\t\t<\/div>\n\t\t\t\t<div class=\"qodef-e-info-right\">\n\n\t\t\t\t<\/div>\n\t\t\t<\/div>\n\t\t<\/div>\n\t<\/div>\n<\/article><article class=\"qodef-e qodef-blog-item qodef-grid-item qodef-item--full post-12792 post type-post status-publish format-standard has-post-thumbnail hentry category-spa-wellness tag-bienestar tag-cancer tag-cancer-de-mama tag-dia-mundial tag-lucha-contra-el-cancer-de-mama tag-prevencion tag-salud\">\n\t<div class=\"qodef-e-inner\">\n\t\t<div class=\"qodef-e-media\">\n\n\t\t<div class=\"qodef-e-media-image\">\n\t\t<a itemprop=\"url\" href=\"https:\/\/novoresort.com\/de\/consejos-para-prevenir-el-cancer-de-mama-no-lo-dejes-para-despues\">\n\t\t\t<img loading=\"lazy\" decoding=\"async\" width=\"750\" height=\"410\" src=\"https:\/\/i0.wp.com\/novoresort.com\/wp-content\/uploads\/2023\/10\/consejos-para-prevenir-el-cancer-de-mama.png?fit=750%2C410&amp;ssl=1\" class=\"attachment-full size-full wp-post-image\" alt=\"consejos para prevenir el c\u00e1ncer de mama\" srcset=\"https:\/\/i0.wp.com\/novoresort.com\/wp-content\/uploads\/2023\/10\/consejos-para-prevenir-el-cancer-de-mama.png?w=750&amp;ssl=1 750w, https:\/\/i0.wp.com\/novoresort.com\/wp-content\/uploads\/2023\/10\/consejos-para-prevenir-el-cancer-de-mama.png?resize=300%2C164&amp;ssl=1 300w, https:\/\/i0.wp.com\/novoresort.com\/wp-content\/uploads\/2023\/10\/consejos-para-prevenir-el-cancer-de-mama.png?resize=18%2C10&amp;ssl=1 18w, https:\/\/i0.wp.com\/novoresort.com\/wp-content\/uploads\/2023\/10\/consejos-para-prevenir-el-cancer-de-mama.png?resize=598%2C327&amp;ssl=1 598w\" sizes=\"(max-width: 750px) 100vw, 750px\" \/>\t\t<\/a>\n\t<\/div>\n\t<div itemprop=\"dateCreated\" class=\"qodef-e-info-item qodef-e-info-date entry-date \">\n\t<a itemprop=\"url\" href=\"https:\/\/novoresort.com\/de\/2023\/10\">Oktober 3, 2023<\/a>\n<\/div><\/div>\t\t<div class=\"qodef-e-content\">\n\t\t\t<div class=\"qodef-e-info qodef-info--top\">\n\t\t\t\t<div class=\"qodef-e-info-item qodef-e-info-category\">\n\t<a href=\"https:\/\/novoresort.com\/de\/category\/spa-wellness\" rel=\"category tag\">Spa &amp; Wellness<\/a><\/div>\t\t\t<\/div>\n\t\t\t<div class=\"qodef-e-text\">\n\t\t\t\t<h4 itemprop=\"name\" class=\"qodef-e-title entry-title\">\n\t\t\t<a itemprop=\"url\" class=\"qodef-e-title-link\" href=\"https:\/\/novoresort.com\/de\/consejos-para-prevenir-el-cancer-de-mama-no-lo-dejes-para-despues\">\n\t\t\tConsejos para prevenir el c\u00e1ncer de mama.\u00a0 \u00a1No lo dejes para despu\u00e9s!\t\t\t<\/a>\n\t<\/h4>\t\t<p itemprop=\"description\" class=\"qodef-e-excerpt\">\n\t\t\tLlegamos al mes de octubre, en el que la toma de consciencia sobre el c\u00e1ncer de mama se hace presente. El pr\u00f3ximo 19 de octubre se conmemora el D\u00eda Mundial de la lucha contra el C\u00e1ncer de Mama. En Novo Resort Sancti Petri nos preocupamos por tu bienestar, por eso compartirte informaci\u00f3n de inter\u00e9s y [&hellip;]\t\t<\/p>\n\t\t\t\t<\/div>\n\t\t\t<div class=\"qodef-e-info qodef-info--bottom\">\n\t\t\t\t<div class=\"qodef-e-info-left\">\n\t\t\t\t\t\t<div class=\"qodef-e-read-more\">\n\t\t<a class=\"qodef-shortcode qodef-m  qodef-button qodef-layout--textual  qodef-html--link \" href=\"https:\/\/novoresort.com\/de\/consejos-para-prevenir-el-cancer-de-mama-no-lo-dejes-para-despues\" target=\"_self\"  >\t<span class=\"qodef-m-text\">Read More<\/span><\/a>\t<\/div>\n\t\t\t\t<\/div>\n\t\t\t\t<div class=\"qodef-e-info-right\">\n\n\t\t\t\t<\/div>\n\t\t\t<\/div>\n\t\t<\/div>\n\t<\/div>\n<\/article>\t<\/div>\n\t\t<div class=\"qodef-m-pagination qodef--standard\">\n\t\t<div class=\"qodef-m-pagination-inner\">\n\t\t\t<nav class=\"qodef-m-pagination-items\" role=\"navigation\">\n\t\t\t\t<div class=\"qodef-m-pagination-item qodef--prev\">\n\t\t\t\t\t<a href=\"#\" data-paged=\"1\">\n\t\t\t\t\t\t<span class=\"qodef-icon-linea-icons icon-arrows-left\" ><\/span>\t\t\t\t\t<\/a>\n\t\t\t\t<\/div>\n\t\t\t\t\t\t\t\t\t<div class=\"qodef-m-pagination-item qodef--number qodef--number-1 qodef--active\">\n\t\t\t\t\t\t<a href=\"#\" data-paged=\"1\"> 1<\/a>\n\t\t\t\t\t<\/div>\n\t\t\t\t\t\t\t\t\t<div class=\"qodef-m-pagination-item qodef--number qodef--number-2 \">\n\t\t\t\t\t\t<a href=\"#\" data-paged=\"2\"> 2<\/a>\n\t\t\t\t\t<\/div>\n\t\t\t\t\t\t\t\t\t<div class=\"qodef-m-pagination-item qodef--number qodef--number-3 \">\n\t\t\t\t\t\t<a href=\"#\" data-paged=\"3\"> 3<\/a>\n\t\t\t\t\t<\/div>\n\t\t\t\t\t\t\t\t\t<div class=\"qodef-m-pagination-item qodef--number qodef--number-4 \">\n\t\t\t\t\t\t<a href=\"#\" data-paged=\"4\"> 4<\/a>\n\t\t\t\t\t<\/div>\n\t\t\t\t\t\t\t\t<div class=\"qodef-m-pagination-item qodef--next\">\n\t\t\t\t\t<a href=\"#\" data-paged=\"2\">\n\t\t\t\t\t\t<span class=\"qodef-icon-linea-icons icon-arrows-right\" ><\/span>\t\t\t\t\t<\/a>\n\t\t\t\t<\/div>\n\t\t\t<\/nav>\n\t\t<\/div>\n\t<\/div>\n<\/div>\t\t\t\t<\/div>\n\t\t\t\t<\/div>\n\t\t\t\t\t<\/div>\n\t\t<\/div>\n\t\t\t\t\t<\/div>\n\t\t<\/section>\n\t\t\t\t<\/div>\n\t\t","protected":false},"excerpt":{"rendered":"<p>January 14, 2020 Spa &amp; Wellness Romantic getaway Quam viverra orci sagittis eu volutpat odio facilisis. Sapien eget mi proin sed libero enim sed. Lobortis scelerisque fermentum. dui faucibus in ornare quam. Mattis pellentesque id nibh tortor. Eget nunc lobortis mattis aliquam faucibus purus in. Volutpat odio facilisis mauris sit amet massa. Mi eget mauris [&hellip;]<\/p>\n","protected":false},"author":1,"featured_media":0,"parent":0,"menu_order":6,"comment_status":"closed","ping_status":"closed","template":"","meta":{"footnotes":""},"class_list":["post-8938","page","type-page","status-publish","hentry"],"jetpack_sharing_enabled":true,"_links":{"self":[{"href":"https:\/\/novoresort.com\/de\/wp-json\/wp\/v2\/pages\/8938","targetHints":{"allow":["GET"]}}],"collection":[{"href":"https:\/\/novoresort.com\/de\/wp-json\/wp\/v2\/pages"}],"about":[{"href":"https:\/\/novoresort.com\/de\/wp-json\/wp\/v2\/types\/page"}],"author":[{"embeddable":true,"href":"https:\/\/novoresort.com\/de\/wp-json\/wp\/v2\/users\/1"}],"replies":[{"embeddable":true,"href":"https:\/\/novoresort.com\/de\/wp-json\/wp\/v2\/comments?post=8938"}],"version-history":[{"count":0,"href":"https:\/\/novoresort.com\/de\/wp-json\/wp\/v2\/pages\/8938\/revisions"}],"wp:attachment":[{"href":"https:\/\/novoresort.com\/de\/wp-json\/wp\/v2\/media?parent=8938"}],"curies":[{"name":"wp","href":"https:\/\/api.w.org\/{rel}","templated":true}]}}