{"id":595,"date":"2020-11-18T09:19:38","date_gmt":"2020-11-18T09:19:38","guid":{"rendered":"https:\/\/augustine.qodeinteractive.com\/?page_id=595"},"modified":"2023-04-12T10:20:07","modified_gmt":"2023-04-12T10:20:07","slug":"apartamentos","status":"publish","type":"page","link":"https:\/\/novoresort.com\/de\/apartamentos","title":{"rendered":"Apartamentos"},"content":{"rendered":"\t\t<div data-elementor-type=\"wp-page\" data-elementor-id=\"595\" class=\"elementor elementor-595\">\n\t\t\t\t\t\t<section class=\"elementor-section elementor-top-section elementor-element elementor-element-74604f9d qodef-elementor-content-grid elementor-section-boxed elementor-section-height-default elementor-section-height-default\" data-id=\"74604f9d\" data-element_type=\"section\" data-e-type=\"section\">\n\t\t\t\t\t\t<div class=\"elementor-container elementor-column-gap-default\">\n\t\t\t\t\t<div class=\"elementor-column elementor-col-100 elementor-top-column elementor-element elementor-element-4472c6e\" data-id=\"4472c6e\" data-element_type=\"column\" data-e-type=\"column\">\n\t\t\t<div class=\"elementor-widget-wrap elementor-element-populated\">\n\t\t\t\t\t\t<div class=\"elementor-element elementor-element-271ebe75 elementor-widget elementor-widget-augustine_core_room_list\" data-id=\"271ebe75\" data-element_type=\"widget\" data-e-type=\"widget\" data-widget_type=\"augustine_core_room_list.default\">\n\t\t\t\t<div class=\"elementor-widget-container\">\n\t\t\t\t\t<div class=\"qodef-shortcode qodef-m  qodef-room-list qodef-layout--standard   qodef-skin--default qodef-grid qodef-layout--masonry  qodef-gutter--normal qodef-col-num--2 qodef-item-layout--standard qodef-pagination--on qodef-pagination-type--standard qodef-responsive--custom qodef-col-num--1440--2 qodef-col-num--1366--2 qodef-col-num--1024--2 qodef-col-num--768--1 qodef-col-num--680--1 qodef-col-num--480--1\" data-options=\"{&quot;plugin&quot;:&quot;augustine_core&quot;,&quot;module&quot;:&quot;post-types\\\/room\\\/shortcodes&quot;,&quot;shortcode&quot;:&quot;room-list&quot;,&quot;post_type&quot;:&quot;room&quot;,&quot;next_page&quot;:&quot;2&quot;,&quot;max_pages_num&quot;:1,&quot;list_skin&quot;:&quot;default&quot;,&quot;posts_per_page&quot;:&quot;8&quot;,&quot;orderby&quot;:&quot;date&quot;,&quot;order&quot;:&quot;ASC&quot;,&quot;behavior&quot;:&quot;masonry&quot;,&quot;columns&quot;:&quot;2&quot;,&quot;columns_responsive&quot;:&quot;custom&quot;,&quot;columns_1440&quot;:&quot;2&quot;,&quot;columns_1366&quot;:&quot;2&quot;,&quot;columns_1024&quot;:&quot;2&quot;,&quot;columns_768&quot;:&quot;1&quot;,&quot;columns_680&quot;:&quot;1&quot;,&quot;columns_480&quot;:&quot;1&quot;,&quot;space&quot;:&quot;normal&quot;,&quot;layout&quot;:&quot;standard&quot;,&quot;title_tag&quot;:&quot;h4&quot;,&quot;excerpt_length&quot;:&quot;218&quot;,&quot;content_bottom_margin&quot;:&quot;65px&quot;,&quot;pagination_type&quot;:&quot;standard&quot;,&quot;object_class_name&quot;:&quot;AugustineCoreRoomListShortcode&quot;,&quot;unique&quot;:&quot;1&quot;,&quot;item_classes&quot;:&quot;qodef-e qodef-room-list-item qodef-grid-item&quot;,&quot;content_style&quot;:[&quot;margin-bottom: 65px&quot;],&quot;space_value&quot;:15}\">\n\t\t<div class=\"qodef-grid-inner clear\">\n\t\t\t<div class=\"qodef-grid-masonry-sizer\"><\/div>\n\t<div class=\"qodef-grid-masonry-gutter\"><\/div>\n<div class=\"qodef-e qodef-room-list-item qodef-grid-item\">\n\t<div class=\"qodef-e-inner\">\n\t\t<div class=\"qodef-e-media\">\n\t\t\t\t<div class=\"qodef-e-media-image\" data-swiper-parallax=\"27%\">\n\t\t<a itemprop=\"url\" href=\"https:\/\/novoresort.com\/de\/room\/apartamentos-3-dormitorios-con-3-banos\">\n\t\t\t<img fetchpriority=\"high\" decoding=\"async\" width=\"1600\" height=\"1066\" src=\"https:\/\/i0.wp.com\/novoresort.com\/wp-content\/uploads\/2023\/03\/portada3d3b.jpg?fit=1600%2C1066&amp;ssl=1\" class=\"attachment-full size-full\" alt=\"\" srcset=\"https:\/\/i0.wp.com\/novoresort.com\/wp-content\/uploads\/2023\/03\/portada3d3b.jpg?w=1600&amp;ssl=1 1600w, https:\/\/i0.wp.com\/novoresort.com\/wp-content\/uploads\/2023\/03\/portada3d3b.jpg?resize=300%2C200&amp;ssl=1 300w, https:\/\/i0.wp.com\/novoresort.com\/wp-content\/uploads\/2023\/03\/portada3d3b.jpg?resize=1024%2C682&amp;ssl=1 1024w, https:\/\/i0.wp.com\/novoresort.com\/wp-content\/uploads\/2023\/03\/portada3d3b.jpg?resize=768%2C512&amp;ssl=1 768w, https:\/\/i0.wp.com\/novoresort.com\/wp-content\/uploads\/2023\/03\/portada3d3b.jpg?resize=1536%2C1023&amp;ssl=1 1536w, https:\/\/i0.wp.com\/novoresort.com\/wp-content\/uploads\/2023\/03\/portada3d3b.jpg?resize=18%2C12&amp;ssl=1 18w, https:\/\/i0.wp.com\/novoresort.com\/wp-content\/uploads\/2023\/03\/portada3d3b.jpg?resize=1320%2C879&amp;ssl=1 1320w, https:\/\/i0.wp.com\/novoresort.com\/wp-content\/uploads\/2023\/03\/portada3d3b.jpg?resize=598%2C398&amp;ssl=1 598w\" sizes=\"(max-width: 1300px) 100vw, 1300px\" \/>\t\t<\/a>\n\t<\/div>\n\t\t\t\t\t<\/div>\n\t\t<div class=\"qodef-e-content\" style=\"margin-bottom: 65px\">\n\t\t\t<h4 itemprop=\"name\" class=\"qodef-e-title entry-title\" >\n\t<a itemprop=\"url\" href=\"https:\/\/novoresort.com\/de\/room\/apartamentos-3-dormitorios-con-3-banos\">\n\t\t3-bedroom apartments with 3 bathrooms\t<\/a>\n<\/h4>\t\t\t<div class=\"qodef-e-info-items\">\n\t\t\t\t    <div class=\"qodef-e-capacity\">\n\t\tCapacity:         <span class=\"qodef-e-capacity-content\">\n\t\t1-6 persons\t\t<\/span>\n    <\/div>\n\t\t\t\t    <div class=\"qodef-e-room-size\">\n\t\tSize:         <span class=\"qodef-e-room-size-content\">\n\t\t\t200m2\t\t<\/span>\n    <\/div>\n\t\t\t<\/div>\n\t\t\t\t\t<p itemprop=\"description\" class=\"qodef-e-excerpt\">Spacious apartment with 3 bedrooms, 3 bathrooms, and a toilet, with an area of 200 m\u00b2.<\/p>\n\t\t\t\t<div class=\"qodef-e-button\">\n\t<a class=\"qodef-shortcode qodef-m  qodef-button qodef-layout--textual qodef-size--normal qodef-html--link \" href=\"https:\/\/novoresort.com\/de\/room\/apartamentos-3-dormitorios-con-3-banos\" target=\"_self\"  >\t<span class=\"qodef-m-text\">Book Suite<\/span><\/a>\t\t<\/div>\t\t<\/div>\n\t<\/div>\n<\/div><div class=\"qodef-e qodef-room-list-item qodef-grid-item\">\n\t<div class=\"qodef-e-inner\">\n\t\t<div class=\"qodef-e-media\">\n\t\t\t\t<div class=\"qodef-e-media-image\" data-swiper-parallax=\"27%\">\n\t\t<a itemprop=\"url\" href=\"https:\/\/novoresort.com\/de\/room\/atico-3-dormitorios-con-piscina\">\n\t\t\t<img decoding=\"async\" width=\"2160\" height=\"1440\" src=\"https:\/\/i0.wp.com\/novoresort.com\/wp-content\/uploads\/2023\/03\/27BP.jpg?fit=2160%2C1440&amp;ssl=1\" class=\"attachment-full size-full\" alt=\"\" srcset=\"https:\/\/i0.wp.com\/novoresort.com\/wp-content\/uploads\/2023\/03\/27BP.jpg?w=2160&amp;ssl=1 2160w, https:\/\/i0.wp.com\/novoresort.com\/wp-content\/uploads\/2023\/03\/27BP.jpg?resize=300%2C200&amp;ssl=1 300w, https:\/\/i0.wp.com\/novoresort.com\/wp-content\/uploads\/2023\/03\/27BP.jpg?resize=1024%2C683&amp;ssl=1 1024w, https:\/\/i0.wp.com\/novoresort.com\/wp-content\/uploads\/2023\/03\/27BP.jpg?resize=768%2C512&amp;ssl=1 768w, https:\/\/i0.wp.com\/novoresort.com\/wp-content\/uploads\/2023\/03\/27BP.jpg?resize=1536%2C1024&amp;ssl=1 1536w, https:\/\/i0.wp.com\/novoresort.com\/wp-content\/uploads\/2023\/03\/27BP.jpg?resize=2048%2C1365&amp;ssl=1 2048w, https:\/\/i0.wp.com\/novoresort.com\/wp-content\/uploads\/2023\/03\/27BP.jpg?resize=18%2C12&amp;ssl=1 18w\" sizes=\"(max-width: 1300px) 100vw, 1300px\" \/>\t\t<\/a>\n\t<\/div>\n\t\t\t\t\t<\/div>\n\t\t<div class=\"qodef-e-content\" style=\"margin-bottom: 65px\">\n\t\t\t<h4 itemprop=\"name\" class=\"qodef-e-title entry-title\" >\n\t<a itemprop=\"url\" href=\"https:\/\/novoresort.com\/de\/room\/atico-3-dormitorios-con-piscina\">\n\t\tPenthouse 3 bedrooms with pool\t<\/a>\n<\/h4>\t\t\t<div class=\"qodef-e-info-items\">\n\t\t\t\t    <div class=\"qodef-e-capacity\">\n\t\tCapacity:         <span class=\"qodef-e-capacity-content\">\n\t\t1-6 persons\t\t<\/span>\n    <\/div>\n\t\t\t\t    <div class=\"qodef-e-room-size\">\n\t\tSize:         <span class=\"qodef-e-room-size-content\">\n\t\t\t250m\u00b2\t\t<\/span>\n    <\/div>\n\t\t\t<\/div>\n\t\t\t\t\t<p itemprop=\"description\" class=\"qodef-e-excerpt\">Penthouse 3 bedrooms with large living room, kitchen, and terrace with private pool.<\/p>\n\t\t\t\t<div class=\"qodef-e-button\">\n\t<a class=\"qodef-shortcode qodef-m  qodef-button qodef-layout--textual qodef-size--normal qodef-html--link \" href=\"https:\/\/novoresort.com\/de\/room\/atico-3-dormitorios-con-piscina\" target=\"_self\"  >\t<span class=\"qodef-m-text\">Book Suite<\/span><\/a>\t\t<\/div>\t\t<\/div>\n\t<\/div>\n<\/div><div class=\"qodef-e qodef-room-list-item qodef-grid-item\">\n\t<div class=\"qodef-e-inner\">\n\t\t<div class=\"qodef-e-media\">\n\t\t\t\t<div class=\"qodef-e-media-image\" data-swiper-parallax=\"27%\">\n\t\t<a itemprop=\"url\" href=\"https:\/\/novoresort.com\/de\/room\/atico-lujo-3-dormitorios-con-jacuzzi\">\n\t\t\t<img decoding=\"async\" width=\"1920\" height=\"1440\" src=\"https:\/\/i0.wp.com\/novoresort.com\/wp-content\/uploads\/2023\/03\/Apartamento_con_Jacuzzi_1.png?fit=1920%2C1440&amp;ssl=1\" class=\"attachment-full size-full\" alt=\"\" srcset=\"https:\/\/i0.wp.com\/novoresort.com\/wp-content\/uploads\/2023\/03\/Apartamento_con_Jacuzzi_1.png?w=1920&amp;ssl=1 1920w, https:\/\/i0.wp.com\/novoresort.com\/wp-content\/uploads\/2023\/03\/Apartamento_con_Jacuzzi_1.png?resize=300%2C225&amp;ssl=1 300w, https:\/\/i0.wp.com\/novoresort.com\/wp-content\/uploads\/2023\/03\/Apartamento_con_Jacuzzi_1.png?resize=1024%2C768&amp;ssl=1 1024w, https:\/\/i0.wp.com\/novoresort.com\/wp-content\/uploads\/2023\/03\/Apartamento_con_Jacuzzi_1.png?resize=768%2C576&amp;ssl=1 768w, https:\/\/i0.wp.com\/novoresort.com\/wp-content\/uploads\/2023\/03\/Apartamento_con_Jacuzzi_1.png?resize=1536%2C1152&amp;ssl=1 1536w, https:\/\/i0.wp.com\/novoresort.com\/wp-content\/uploads\/2023\/03\/Apartamento_con_Jacuzzi_1.png?resize=1320%2C990&amp;ssl=1 1320w, https:\/\/i0.wp.com\/novoresort.com\/wp-content\/uploads\/2023\/03\/Apartamento_con_Jacuzzi_1.png?resize=598%2C449&amp;ssl=1 598w\" sizes=\"(max-width: 1300px) 100vw, 1300px\" \/>\t\t<\/a>\n\t<\/div>\n\t\t\t\t\t<\/div>\n\t\t<div class=\"qodef-e-content\" style=\"margin-bottom: 65px\">\n\t\t\t<h4 itemprop=\"name\" class=\"qodef-e-title entry-title\" >\n\t<a itemprop=\"url\" href=\"https:\/\/novoresort.com\/de\/room\/atico-lujo-3-dormitorios-con-jacuzzi\">\n\t\tLuxury penthouse, 3 bedrooms with jacuzzi\t<\/a>\n<\/h4>\t\t\t<div class=\"qodef-e-info-items\">\n\t\t\t\t    <div class=\"qodef-e-capacity\">\n\t\tCapacity:         <span class=\"qodef-e-capacity-content\">\n\t\t1-6 persons\t\t<\/span>\n    <\/div>\n\t\t\t\t    <div class=\"qodef-e-room-size\">\n\t\tSize:         <span class=\"qodef-e-room-size-content\">\n\t\t\t160m2\t\t<\/span>\n    <\/div>\n\t\t\t<\/div>\n\t\t\t\t\t<p itemprop=\"description\" class=\"qodef-e-excerpt\">Luxurious 3-bedroom apartments of 160 m\u00b2 distributed in a spacious living room, 2 bathrooms, separate kitchen, balcony, and a private rooftop terrace with hot tub, barbecue, hammocks, and wonderful views.<\/p>\n\t\t\t\t<div class=\"qodef-e-button\">\n\t<a class=\"qodef-shortcode qodef-m  qodef-button qodef-layout--textual qodef-size--normal qodef-html--link \" href=\"https:\/\/novoresort.com\/de\/room\/atico-lujo-3-dormitorios-con-jacuzzi\" target=\"_self\"  >\t<span class=\"qodef-m-text\">Book Suite<\/span><\/a>\t\t<\/div>\t\t<\/div>\n\t<\/div>\n<\/div><div class=\"qodef-e qodef-room-list-item qodef-grid-item\">\n\t<div class=\"qodef-e-inner\">\n\t\t<div class=\"qodef-e-media\">\n\t\t\t\t<div class=\"qodef-e-media-image\" data-swiper-parallax=\"27%\">\n\t\t<a itemprop=\"url\" href=\"https:\/\/novoresort.com\/de\/room\/apartamentos-3-dormitorios-con-2-banos\">\n\t\t\t<img loading=\"lazy\" decoding=\"async\" width=\"1170\" height=\"780\" src=\"https:\/\/i0.wp.com\/novoresort.com\/wp-content\/uploads\/2023\/03\/apartamento3dormitorios2banos.jpg?fit=1170%2C780&amp;ssl=1\" class=\"attachment-full size-full\" alt=\"\" srcset=\"https:\/\/i0.wp.com\/novoresort.com\/wp-content\/uploads\/2023\/03\/apartamento3dormitorios2banos.jpg?w=1170&amp;ssl=1 1170w, https:\/\/i0.wp.com\/novoresort.com\/wp-content\/uploads\/2023\/03\/apartamento3dormitorios2banos.jpg?resize=300%2C200&amp;ssl=1 300w, https:\/\/i0.wp.com\/novoresort.com\/wp-content\/uploads\/2023\/03\/apartamento3dormitorios2banos.jpg?resize=1024%2C683&amp;ssl=1 1024w, https:\/\/i0.wp.com\/novoresort.com\/wp-content\/uploads\/2023\/03\/apartamento3dormitorios2banos.jpg?resize=768%2C512&amp;ssl=1 768w, https:\/\/i0.wp.com\/novoresort.com\/wp-content\/uploads\/2023\/03\/apartamento3dormitorios2banos.jpg?resize=598%2C399&amp;ssl=1 598w\" sizes=\"(max-width: 1170px) 100vw, 1170px\" \/>\t\t<\/a>\n\t<\/div>\n\t\t\t\t\t<\/div>\n\t\t<div class=\"qodef-e-content\" style=\"margin-bottom: 65px\">\n\t\t\t<h4 itemprop=\"name\" class=\"qodef-e-title entry-title\" >\n\t<a itemprop=\"url\" href=\"https:\/\/novoresort.com\/de\/room\/apartamentos-3-dormitorios-con-2-banos\">\n\t\t3-bedroom apartments with 2 bathrooms\t<\/a>\n<\/h4>\t\t\t<div class=\"qodef-e-info-items\">\n\t\t\t\t    <div class=\"qodef-e-capacity\">\n\t\tCapacity:         <span class=\"qodef-e-capacity-content\">\n\t\t1-6 persons\t\t<\/span>\n    <\/div>\n\t\t\t\t    <div class=\"qodef-e-room-size\">\n\t\tSize:         <span class=\"qodef-e-room-size-content\">\n\t\t\t160m2\t\t<\/span>\n    <\/div>\n\t\t\t<\/div>\n\t\t\t\t\t<p itemprop=\"description\" class=\"qodef-e-excerpt\">Apartment, 3 bedrooms, spacious living room, kitchen, two bathrooms, and terrace or balcony<\/p>\n\t\t\t\t<div class=\"qodef-e-button\">\n\t<a class=\"qodef-shortcode qodef-m  qodef-button qodef-layout--textual qodef-size--normal qodef-html--link \" href=\"https:\/\/novoresort.com\/de\/room\/apartamentos-3-dormitorios-con-2-banos\" target=\"_self\"  >\t<span class=\"qodef-m-text\">Book Suite<\/span><\/a>\t\t<\/div>\t\t<\/div>\n\t<\/div>\n<\/div><div class=\"qodef-e qodef-room-list-item qodef-grid-item\">\n\t<div class=\"qodef-e-inner\">\n\t\t<div class=\"qodef-e-media\">\n\t\t\t\t<div class=\"qodef-e-media-image\" data-swiper-parallax=\"27%\">\n\t\t<a itemprop=\"url\" href=\"https:\/\/novoresort.com\/de\/room\/atico-2-dormitorios-con-jacuzzi\">\n\t\t\t<img loading=\"lazy\" decoding=\"async\" width=\"1170\" height=\"780\" src=\"https:\/\/i0.wp.com\/novoresort.com\/wp-content\/uploads\/2023\/03\/Apartamento_con_Jacuzzi_2.jpg?fit=1170%2C780&amp;ssl=1\" class=\"attachment-full size-full\" alt=\"\" srcset=\"https:\/\/i0.wp.com\/novoresort.com\/wp-content\/uploads\/2023\/03\/Apartamento_con_Jacuzzi_2.jpg?w=1170&amp;ssl=1 1170w, https:\/\/i0.wp.com\/novoresort.com\/wp-content\/uploads\/2023\/03\/Apartamento_con_Jacuzzi_2.jpg?resize=300%2C200&amp;ssl=1 300w, https:\/\/i0.wp.com\/novoresort.com\/wp-content\/uploads\/2023\/03\/Apartamento_con_Jacuzzi_2.jpg?resize=1024%2C683&amp;ssl=1 1024w, https:\/\/i0.wp.com\/novoresort.com\/wp-content\/uploads\/2023\/03\/Apartamento_con_Jacuzzi_2.jpg?resize=768%2C512&amp;ssl=1 768w, https:\/\/i0.wp.com\/novoresort.com\/wp-content\/uploads\/2023\/03\/Apartamento_con_Jacuzzi_2.jpg?resize=598%2C399&amp;ssl=1 598w\" sizes=\"(max-width: 1170px) 100vw, 1170px\" \/>\t\t<\/a>\n\t<\/div>\n\t\t\t\t\t<\/div>\n\t\t<div class=\"qodef-e-content\" style=\"margin-bottom: 65px\">\n\t\t\t<h4 itemprop=\"name\" class=\"qodef-e-title entry-title\" >\n\t<a itemprop=\"url\" href=\"https:\/\/novoresort.com\/de\/room\/atico-2-dormitorios-con-jacuzzi\">\n\t\tPenthouse 2 bedrooms with jacuzzi\t<\/a>\n<\/h4>\t\t\t<div class=\"qodef-e-info-items\">\n\t\t\t\t    <div class=\"qodef-e-capacity\">\n\t\tCapacity:         <span class=\"qodef-e-capacity-content\">\n\t\t1-4 persons\t\t<\/span>\n    <\/div>\n\t\t\t\t    <div class=\"qodef-e-room-size\">\n\t\tSize:         <span class=\"qodef-e-room-size-content\">\n\t\t\t120m2\t\t<\/span>\n    <\/div>\n\t\t\t<\/div>\n\t\t\t\t\t<p itemprop=\"description\" class=\"qodef-e-excerpt\">Penthouse 2 bedrooms, large living room, kitchen, two bathrooms, and terrace, penthouse with bathtub, hydro massage, and barbecue.<\/p>\n\t\t\t\t<div class=\"qodef-e-button\">\n\t<a class=\"qodef-shortcode qodef-m  qodef-button qodef-layout--textual qodef-size--normal qodef-html--link \" href=\"https:\/\/novoresort.com\/de\/room\/atico-2-dormitorios-con-jacuzzi\" target=\"_self\"  >\t<span class=\"qodef-m-text\">Book Suite<\/span><\/a>\t\t<\/div>\t\t<\/div>\n\t<\/div>\n<\/div><div class=\"qodef-e qodef-room-list-item qodef-grid-item\">\n\t<div class=\"qodef-e-inner\">\n\t\t<div class=\"qodef-e-media\">\n\t\t\t\t<div class=\"qodef-e-media-image\" data-swiper-parallax=\"27%\">\n\t\t<a itemprop=\"url\" href=\"https:\/\/novoresort.com\/de\/room\/apartamentos-2-dormitorios-con-2-banos\">\n\t\t\t<img loading=\"lazy\" decoding=\"async\" width=\"1170\" height=\"780\" src=\"https:\/\/i0.wp.com\/novoresort.com\/wp-content\/uploads\/2023\/03\/apartamento2dormitorios2banos.jpg?fit=1170%2C780&amp;ssl=1\" class=\"attachment-full size-full\" alt=\"\" srcset=\"https:\/\/i0.wp.com\/novoresort.com\/wp-content\/uploads\/2023\/03\/apartamento2dormitorios2banos.jpg?w=1170&amp;ssl=1 1170w, https:\/\/i0.wp.com\/novoresort.com\/wp-content\/uploads\/2023\/03\/apartamento2dormitorios2banos.jpg?resize=300%2C200&amp;ssl=1 300w, https:\/\/i0.wp.com\/novoresort.com\/wp-content\/uploads\/2023\/03\/apartamento2dormitorios2banos.jpg?resize=1024%2C683&amp;ssl=1 1024w, https:\/\/i0.wp.com\/novoresort.com\/wp-content\/uploads\/2023\/03\/apartamento2dormitorios2banos.jpg?resize=768%2C512&amp;ssl=1 768w, https:\/\/i0.wp.com\/novoresort.com\/wp-content\/uploads\/2023\/03\/apartamento2dormitorios2banos.jpg?resize=598%2C399&amp;ssl=1 598w\" sizes=\"(max-width: 1170px) 100vw, 1170px\" \/>\t\t<\/a>\n\t<\/div>\n\t\t\t\t\t<\/div>\n\t\t<div class=\"qodef-e-content\" style=\"margin-bottom: 65px\">\n\t\t\t<h4 itemprop=\"name\" class=\"qodef-e-title entry-title\" >\n\t<a itemprop=\"url\" href=\"https:\/\/novoresort.com\/de\/room\/apartamentos-2-dormitorios-con-2-banos\">\n\t\tApartments, 2 bedrooms with 2 bathrooms\t<\/a>\n<\/h4>\t\t\t<div class=\"qodef-e-info-items\">\n\t\t\t\t    <div class=\"qodef-e-capacity\">\n\t\tCapacity:         <span class=\"qodef-e-capacity-content\">\n\t\t1-4 persons\t\t<\/span>\n    <\/div>\n\t\t\t\t    <div class=\"qodef-e-room-size\">\n\t\tSize:         <span class=\"qodef-e-room-size-content\">\n\t\t\t120m2\t\t<\/span>\n    <\/div>\n\t\t\t<\/div>\n\t\t\t\t\t<p itemprop=\"description\" class=\"qodef-e-excerpt\">Luxurious apartments with 2 bedrooms of 120 m\u00b2<\/p>\n\t\t\t\t<div class=\"qodef-e-button\">\n\t<a class=\"qodef-shortcode qodef-m  qodef-button qodef-layout--textual qodef-size--normal qodef-html--link \" href=\"https:\/\/novoresort.com\/de\/room\/apartamentos-2-dormitorios-con-2-banos\" target=\"_self\"  >\t<span class=\"qodef-m-text\">Book Suite<\/span><\/a>\t\t<\/div>\t\t<\/div>\n\t<\/div>\n<\/div>\t<\/div>\n\t<\/div>\t\t\t\t<\/div>\n\t\t\t\t<\/div>\n\t\t\t\t\t<\/div>\n\t\t<\/div>\n\t\t\t\t\t<\/div>\n\t\t<\/section>\n\t\t\t\t<\/div>\n\t\t","protected":false},"excerpt":{"rendered":"<p>Apartamentos 3 dormitorios con 3 ba\u00f1os Capacity: 1-6 persons Size: 200m2 Apartamento con 3 dormitorios, 3 ba\u00f1os, cocina separada, salon con comedor y terraza o balc\u00f3n Book Suite \u00c1tico 3 dormitorios con piscina Capacity: 1-6 persons Size: 250m\u00b2 Apartamento de lujo con 3 dormitorios, 3 ba\u00f1os y una terraza grande con una piscina privada, barbacoa [&hellip;]<\/p>\n","protected":false},"author":1,"featured_media":0,"parent":0,"menu_order":4,"comment_status":"closed","ping_status":"closed","template":"page-full-width.php","meta":{"footnotes":""},"class_list":["post-595","page","type-page","status-publish","hentry"],"jetpack_sharing_enabled":true,"_links":{"self":[{"href":"https:\/\/novoresort.com\/de\/wp-json\/wp\/v2\/pages\/595","targetHints":{"allow":["GET"]}}],"collection":[{"href":"https:\/\/novoresort.com\/de\/wp-json\/wp\/v2\/pages"}],"about":[{"href":"https:\/\/novoresort.com\/de\/wp-json\/wp\/v2\/types\/page"}],"author":[{"embeddable":true,"href":"https:\/\/novoresort.com\/de\/wp-json\/wp\/v2\/users\/1"}],"replies":[{"embeddable":true,"href":"https:\/\/novoresort.com\/de\/wp-json\/wp\/v2\/comments?post=595"}],"version-history":[{"count":0,"href":"https:\/\/novoresort.com\/de\/wp-json\/wp\/v2\/pages\/595\/revisions"}],"wp:attachment":[{"href":"https:\/\/novoresort.com\/de\/wp-json\/wp\/v2\/media?parent=595"}],"curies":[{"name":"wp","href":"https:\/\/api.w.org\/{rel}","templated":true}]}}