{"id":416,"date":"2020-11-13T11:29:49","date_gmt":"2020-11-13T11:29:49","guid":{"rendered":"https:\/\/augustine.qodeinteractive.com\/?page_id=416"},"modified":"2020-11-13T11:29:49","modified_gmt":"2020-11-13T11:29:49","slug":"full-info-list","status":"publish","type":"page","link":"https:\/\/novoresort.com\/de\/apartamentos\/full-info-list","title":{"rendered":"Full Info List"},"content":{"rendered":"<div data-elementor-type=\"wp-page\" data-elementor-id=\"416\" class=\"elementor elementor-416\">\n\t\t\t\t\t\t<section class=\"elementor-section elementor-top-section elementor-element elementor-element-14741b2 qodef-elementor-content-grid elementor-section-boxed elementor-section-height-default elementor-section-height-default\" data-id=\"14741b2\" data-element_type=\"section\" data-e-type=\"section\">\n\t\t\t\t\t\t<div class=\"elementor-container elementor-column-gap-default\">\n\t\t\t\t\t<div class=\"elementor-column elementor-col-100 elementor-top-column elementor-element elementor-element-e7e0e1f\" data-id=\"e7e0e1f\" data-element_type=\"column\" data-e-type=\"column\">\n\t\t\t<div class=\"elementor-widget-wrap elementor-element-populated\">\n\t\t\t\t\t\t<div class=\"elementor-element elementor-element-262d9b0 elementor-widget elementor-widget-augustine_core_room_gallery_list\" data-id=\"262d9b0\" data-element_type=\"widget\" data-e-type=\"widget\" data-widget_type=\"augustine_core_room_gallery_list.default\">\n\t\t\t\t<div class=\"elementor-widget-container\">\n\t\t\t\t\t<div class=\"qodef-shortcode qodef-m  qodef-room-gallery-list qodef-grid qodef-layout--gallery  qodef-gutter--no qodef-col-num--1 qodef-item-layout--standard qodef-responsive--predefined\">\n\t<div class=\"qodef-grid-inner clear\">\n\t\t<article class=\"qodef-e qodef-room-gallery-list-item qodef-grid-item\">\n\t<div class=\"qodef-e-inner\">\n\t\t<div class=\"qodef-e-media\">\n\t\t\t\t<div class=\"qodef-e-media-image\">\n\t\t<a itemprop=\"url\" href=\"https:\/\/novoresort.com\/de\/room\/apartamentos-3-dormitorios-con-3-banos\">\n\t\t\t<img fetchpriority=\"high\" decoding=\"async\" width=\"1600\" height=\"1066\" src=\"https:\/\/i0.wp.com\/novoresort.com\/wp-content\/uploads\/2023\/03\/portada3d3b.jpg?fit=1600%2C1066&amp;ssl=1\" class=\"attachment-full size-full wp-post-image\" alt=\"\" srcset=\"https:\/\/i0.wp.com\/novoresort.com\/wp-content\/uploads\/2023\/03\/portada3d3b.jpg?w=1600&amp;ssl=1 1600w, https:\/\/i0.wp.com\/novoresort.com\/wp-content\/uploads\/2023\/03\/portada3d3b.jpg?resize=300%2C200&amp;ssl=1 300w, https:\/\/i0.wp.com\/novoresort.com\/wp-content\/uploads\/2023\/03\/portada3d3b.jpg?resize=1024%2C682&amp;ssl=1 1024w, https:\/\/i0.wp.com\/novoresort.com\/wp-content\/uploads\/2023\/03\/portada3d3b.jpg?resize=768%2C512&amp;ssl=1 768w, https:\/\/i0.wp.com\/novoresort.com\/wp-content\/uploads\/2023\/03\/portada3d3b.jpg?resize=1536%2C1023&amp;ssl=1 1536w, https:\/\/i0.wp.com\/novoresort.com\/wp-content\/uploads\/2023\/03\/portada3d3b.jpg?resize=18%2C12&amp;ssl=1 18w, https:\/\/i0.wp.com\/novoresort.com\/wp-content\/uploads\/2023\/03\/portada3d3b.jpg?resize=1320%2C879&amp;ssl=1 1320w, https:\/\/i0.wp.com\/novoresort.com\/wp-content\/uploads\/2023\/03\/portada3d3b.jpg?resize=598%2C398&amp;ssl=1 598w\" sizes=\"(max-width: 1300px) 100vw, 1300px\" \/>\t\t<\/a>\n\t<\/div>\n\t\t<\/div>\n\t\t<div class=\"qodef-e-content\">\n\t\t\t<h4 itemprop=\"name\" class=\"qodef-e-title entry-title\" >\n<a itemprop=\"url\" href=\"https:\/\/novoresort.com\/de\/room\/apartamentos-3-dormitorios-con-3-banos\">\n\t3-Schlafzimmer-Wohnungen mit 3 B\u00e4dern<\/a>\n<\/h4>\t\t\t<div class=\"qodef-e-info-items\">\n\t\t\t\t    <div class=\"qodef-e-capacity\">\n\t\tCapacity:         <span class=\"qodef-e-capacity-content qodef-e--value\">\n\t\t1-6 persons\t\t<\/span>\n    <\/div>\n\t\t\t\t    <div class=\"qodef-e-room-size\">\n\t\tSize:         <span class=\"qodef-e-room-size-content qodef-e--value\">\n\t\t\t200m2\t\t<\/span>\n    <\/div>\n\t\t\t\t\t\t\t<\/div>\n\t\t\t\t\t<p itemprop=\"description\" class=\"qodef-e-excerpt\">Ger\u00e4umige Wohnung mit 3 Schlafzimmern, 3 Badezimmern, und einem WC, mit einer Fl\u00e4che von 200 m\u00b2.<\/p>\n\t\t\t\t<div class=\"qodef-e-button\">\n\t<a class=\"qodef-shortcode qodef-m  qodef-button qodef-layout--textual qodef-size--normal qodef-html--link\" href=\"https:\/\/novoresort.com\/de\/room\/apartamentos-3-dormitorios-con-3-banos\" target=\"_self\"  >\t<span class=\"qodef-m-text\">Book Suite<\/span><\/a>\t\t<\/div>\t\t<\/div>\n\t<\/div>\n<\/article><article class=\"qodef-e qodef-room-gallery-list-item qodef-grid-item\">\n\t<div class=\"qodef-e-inner\">\n\t\t<div class=\"qodef-e-media\">\n\t\t\t\t<div class=\"qodef-e-media-image\">\n\t\t<a itemprop=\"url\" href=\"https:\/\/novoresort.com\/de\/room\/atico-3-dormitorios-con-piscina\">\n\t\t\t<img decoding=\"async\" width=\"2160\" height=\"1440\" src=\"https:\/\/i0.wp.com\/novoresort.com\/wp-content\/uploads\/2023\/03\/27BP.jpg?fit=2160%2C1440&amp;ssl=1\" class=\"attachment-full size-full wp-post-image\" alt=\"\" srcset=\"https:\/\/i0.wp.com\/novoresort.com\/wp-content\/uploads\/2023\/03\/27BP.jpg?w=2160&amp;ssl=1 2160w, https:\/\/i0.wp.com\/novoresort.com\/wp-content\/uploads\/2023\/03\/27BP.jpg?resize=300%2C200&amp;ssl=1 300w, https:\/\/i0.wp.com\/novoresort.com\/wp-content\/uploads\/2023\/03\/27BP.jpg?resize=1024%2C683&amp;ssl=1 1024w, https:\/\/i0.wp.com\/novoresort.com\/wp-content\/uploads\/2023\/03\/27BP.jpg?resize=768%2C512&amp;ssl=1 768w, https:\/\/i0.wp.com\/novoresort.com\/wp-content\/uploads\/2023\/03\/27BP.jpg?resize=1536%2C1024&amp;ssl=1 1536w, https:\/\/i0.wp.com\/novoresort.com\/wp-content\/uploads\/2023\/03\/27BP.jpg?resize=2048%2C1365&amp;ssl=1 2048w, https:\/\/i0.wp.com\/novoresort.com\/wp-content\/uploads\/2023\/03\/27BP.jpg?resize=18%2C12&amp;ssl=1 18w\" sizes=\"(max-width: 1300px) 100vw, 1300px\" \/>\t\t<\/a>\n\t<\/div>\n\t\t<\/div>\n\t\t<div class=\"qodef-e-content\">\n\t\t\t<h4 itemprop=\"name\" class=\"qodef-e-title entry-title\" >\n<a itemprop=\"url\" href=\"https:\/\/novoresort.com\/de\/room\/atico-3-dormitorios-con-piscina\">\n\tPenthouse 3 Schlafzimmer mit Pool<\/a>\n<\/h4>\t\t\t<div class=\"qodef-e-info-items\">\n\t\t\t\t    <div class=\"qodef-e-capacity\">\n\t\tCapacity:         <span class=\"qodef-e-capacity-content qodef-e--value\">\n\t\t1-6 persons\t\t<\/span>\n    <\/div>\n\t\t\t\t    <div class=\"qodef-e-room-size\">\n\t\tSize:         <span class=\"qodef-e-room-size-content qodef-e--value\">\n\t\t\t250m\u00b2\t\t<\/span>\n    <\/div>\n\t\t\t\t\t\t\t<\/div>\n\t\t\t\t\t<p itemprop=\"description\" class=\"qodef-e-excerpt\">Penthouse 3 Schlafzimmer mit gro\u00dfem Wohnzimmer, K\u00fcche, und Terrasse mit privatem Pool.<\/p>\n\t\t\t\t<div class=\"qodef-e-button\">\n\t<a class=\"qodef-shortcode qodef-m  qodef-button qodef-layout--textual qodef-size--normal qodef-html--link\" href=\"https:\/\/novoresort.com\/de\/room\/atico-3-dormitorios-con-piscina\" target=\"_self\"  >\t<span class=\"qodef-m-text\">Book Suite<\/span><\/a>\t\t<\/div>\t\t<\/div>\n\t<\/div>\n<\/article><article class=\"qodef-e qodef-room-gallery-list-item qodef-grid-item\">\n\t<div class=\"qodef-e-inner\">\n\t\t<div class=\"qodef-e-media\">\n\t\t\t\t<div class=\"qodef-e-media-image\">\n\t\t<a itemprop=\"url\" href=\"https:\/\/novoresort.com\/de\/room\/atico-lujo-3-dormitorios-con-jacuzzi\">\n\t\t\t<img decoding=\"async\" width=\"1920\" height=\"1440\" src=\"https:\/\/i0.wp.com\/novoresort.com\/wp-content\/uploads\/2023\/03\/Apartamento_con_Jacuzzi_1.png?fit=1920%2C1440&amp;ssl=1\" class=\"attachment-full size-full wp-post-image\" alt=\"\" srcset=\"https:\/\/i0.wp.com\/novoresort.com\/wp-content\/uploads\/2023\/03\/Apartamento_con_Jacuzzi_1.png?w=1920&amp;ssl=1 1920w, https:\/\/i0.wp.com\/novoresort.com\/wp-content\/uploads\/2023\/03\/Apartamento_con_Jacuzzi_1.png?resize=300%2C225&amp;ssl=1 300w, https:\/\/i0.wp.com\/novoresort.com\/wp-content\/uploads\/2023\/03\/Apartamento_con_Jacuzzi_1.png?resize=1024%2C768&amp;ssl=1 1024w, https:\/\/i0.wp.com\/novoresort.com\/wp-content\/uploads\/2023\/03\/Apartamento_con_Jacuzzi_1.png?resize=768%2C576&amp;ssl=1 768w, https:\/\/i0.wp.com\/novoresort.com\/wp-content\/uploads\/2023\/03\/Apartamento_con_Jacuzzi_1.png?resize=1536%2C1152&amp;ssl=1 1536w, https:\/\/i0.wp.com\/novoresort.com\/wp-content\/uploads\/2023\/03\/Apartamento_con_Jacuzzi_1.png?resize=1320%2C990&amp;ssl=1 1320w, https:\/\/i0.wp.com\/novoresort.com\/wp-content\/uploads\/2023\/03\/Apartamento_con_Jacuzzi_1.png?resize=598%2C449&amp;ssl=1 598w\" sizes=\"(max-width: 1300px) 100vw, 1300px\" \/>\t\t<\/a>\n\t<\/div>\n\t\t<\/div>\n\t\t<div class=\"qodef-e-content\">\n\t\t\t<h4 itemprop=\"name\" class=\"qodef-e-title entry-title\" >\n<a itemprop=\"url\" href=\"https:\/\/novoresort.com\/de\/room\/atico-lujo-3-dormitorios-con-jacuzzi\">\n\tLuxus-Penthouse, 3 Schlafzimmer mit Jacuzzi<\/a>\n<\/h4>\t\t\t<div class=\"qodef-e-info-items\">\n\t\t\t\t    <div class=\"qodef-e-capacity\">\n\t\tCapacity:         <span class=\"qodef-e-capacity-content qodef-e--value\">\n\t\t1-6 persons\t\t<\/span>\n    <\/div>\n\t\t\t\t    <div class=\"qodef-e-room-size\">\n\t\tSize:         <span class=\"qodef-e-room-size-content qodef-e--value\">\n\t\t\t160m2\t\t<\/span>\n    <\/div>\n\t\t\t\t\t\t\t<\/div>\n\t\t\t\t\t<p itemprop=\"description\" class=\"qodef-e-excerpt\">Luxuri\u00f6se 3-Schlafzimmer-Wohnungen mit 160 m\u00b2, verteilt auf ein ger\u00e4umiges Wohnzimmer, 2 Badezimmer, separate K\u00fcche, Balkon und eine private Dachterrasse mit Whirlpool, Grill, H\u00e4ngematten und herrlichem Ausblick.<\/p>\n\t\t\t\t<div class=\"qodef-e-button\">\n\t<a class=\"qodef-shortcode qodef-m  qodef-button qodef-layout--textual qodef-size--normal qodef-html--link\" href=\"https:\/\/novoresort.com\/de\/room\/atico-lujo-3-dormitorios-con-jacuzzi\" target=\"_self\"  >\t<span class=\"qodef-m-text\">Book Suite<\/span><\/a>\t\t<\/div>\t\t<\/div>\n\t<\/div>\n<\/article><article class=\"qodef-e qodef-room-gallery-list-item qodef-grid-item\">\n\t<div class=\"qodef-e-inner\">\n\t\t<div class=\"qodef-e-media\">\n\t\t\t\t<div class=\"qodef-e-media-image\">\n\t\t<a itemprop=\"url\" href=\"https:\/\/novoresort.com\/de\/room\/apartamentos-3-dormitorios-con-2-banos\">\n\t\t\t<img loading=\"lazy\" decoding=\"async\" width=\"1170\" height=\"780\" src=\"https:\/\/i0.wp.com\/novoresort.com\/wp-content\/uploads\/2023\/03\/apartamento3dormitorios2banos.jpg?fit=1170%2C780&amp;ssl=1\" class=\"attachment-full size-full wp-post-image\" alt=\"\" srcset=\"https:\/\/i0.wp.com\/novoresort.com\/wp-content\/uploads\/2023\/03\/apartamento3dormitorios2banos.jpg?w=1170&amp;ssl=1 1170w, https:\/\/i0.wp.com\/novoresort.com\/wp-content\/uploads\/2023\/03\/apartamento3dormitorios2banos.jpg?resize=300%2C200&amp;ssl=1 300w, https:\/\/i0.wp.com\/novoresort.com\/wp-content\/uploads\/2023\/03\/apartamento3dormitorios2banos.jpg?resize=1024%2C683&amp;ssl=1 1024w, https:\/\/i0.wp.com\/novoresort.com\/wp-content\/uploads\/2023\/03\/apartamento3dormitorios2banos.jpg?resize=768%2C512&amp;ssl=1 768w, https:\/\/i0.wp.com\/novoresort.com\/wp-content\/uploads\/2023\/03\/apartamento3dormitorios2banos.jpg?resize=598%2C399&amp;ssl=1 598w\" sizes=\"(max-width: 1170px) 100vw, 1170px\" \/>\t\t<\/a>\n\t<\/div>\n\t\t<\/div>\n\t\t<div class=\"qodef-e-content\">\n\t\t\t<h4 itemprop=\"name\" class=\"qodef-e-title entry-title\" >\n<a itemprop=\"url\" href=\"https:\/\/novoresort.com\/de\/room\/apartamentos-3-dormitorios-con-2-banos\">\n\t3-Schlafzimmer-Wohnungen mit 2 B\u00e4dern<\/a>\n<\/h4>\t\t\t<div class=\"qodef-e-info-items\">\n\t\t\t\t    <div class=\"qodef-e-capacity\">\n\t\tCapacity:         <span class=\"qodef-e-capacity-content qodef-e--value\">\n\t\t1-6 persons\t\t<\/span>\n    <\/div>\n\t\t\t\t    <div class=\"qodef-e-room-size\">\n\t\tSize:         <span class=\"qodef-e-room-size-content qodef-e--value\">\n\t\t\t160m2\t\t<\/span>\n    <\/div>\n\t\t\t\t\t\t\t<\/div>\n\t\t\t\t\t<p itemprop=\"description\" class=\"qodef-e-excerpt\">Wohnung, 3 Schlafzimmer, ger\u00e4umiges Wohnzimmer, K\u00fcche, zwei B\u00e4der und Terrasse oder Balkon<\/p>\n\t\t\t\t<div class=\"qodef-e-button\">\n\t<a class=\"qodef-shortcode qodef-m  qodef-button qodef-layout--textual qodef-size--normal qodef-html--link\" href=\"https:\/\/novoresort.com\/de\/room\/apartamentos-3-dormitorios-con-2-banos\" target=\"_self\"  >\t<span class=\"qodef-m-text\">Book Suite<\/span><\/a>\t\t<\/div>\t\t<\/div>\n\t<\/div>\n<\/article>\t<\/div>\n<\/div>\t\t\t\t<\/div>\n\t\t\t\t<\/div>\n\t\t\t\t\t<\/div>\n\t\t<\/div>\n\t\t\t\t\t<\/div>\n\t\t<\/section>\n\t\t\t\t<\/div>","protected":false},"excerpt":{"rendered":"<p>Studio Suite Capacity: 1-4 persons Size: 54m2 Price: &#36;108 Lorem ipsum dolor sit amet, in nam denique suavitate repudiandae, homero dictas omnesque duo et. Novum dignissim consectetuer ei mel. Ne patrioque consequat persequeris usu, duo inani imperdiet deseruisse Book Suite Junior Suite Capacity: 2-5 persons Size: 54m2 Price: &#36;136 Lorem ipsum dolor sit amet, in [&hellip;]<\/p>\n","protected":false},"author":1,"featured_media":0,"parent":595,"menu_order":19,"comment_status":"closed","ping_status":"closed","template":"page-full-width.php","meta":{"footnotes":""},"class_list":["post-416","page","type-page","status-publish","hentry"],"jetpack_sharing_enabled":true,"_links":{"self":[{"href":"https:\/\/novoresort.com\/de\/wp-json\/wp\/v2\/pages\/416","targetHints":{"allow":["GET"]}}],"collection":[{"href":"https:\/\/novoresort.com\/de\/wp-json\/wp\/v2\/pages"}],"about":[{"href":"https:\/\/novoresort.com\/de\/wp-json\/wp\/v2\/types\/page"}],"author":[{"embeddable":true,"href":"https:\/\/novoresort.com\/de\/wp-json\/wp\/v2\/users\/1"}],"replies":[{"embeddable":true,"href":"https:\/\/novoresort.com\/de\/wp-json\/wp\/v2\/comments?post=416"}],"version-history":[{"count":0,"href":"https:\/\/novoresort.com\/de\/wp-json\/wp\/v2\/pages\/416\/revisions"}],"up":[{"embeddable":true,"href":"https:\/\/novoresort.com\/de\/wp-json\/wp\/v2\/pages\/595"}],"wp:attachment":[{"href":"https:\/\/novoresort.com\/de\/wp-json\/wp\/v2\/media?parent=416"}],"curies":[{"name":"wp","href":"https:\/\/api.w.org\/{rel}","templated":true}]}}