{"id":3759,"date":"2020-12-02T11:48:17","date_gmt":"2020-12-02T11:48:17","guid":{"rendered":"https:\/\/augustine.qodeinteractive.com\/?page_id=3759"},"modified":"2023-04-17T11:47:43","modified_gmt":"2023-04-17T11:47:43","slug":"activities","status":"publish","type":"page","link":"https:\/\/novoresort.com\/de\/home\/activities","title":{"rendered":"Aktivit\u00e4ten &amp; Restaurierung"},"content":{"rendered":"<div data-elementor-type=\"wp-page\" data-elementor-id=\"3759\" class=\"elementor elementor-3759\">\n\t\t\t\t\t\t<section class=\"elementor-section elementor-top-section elementor-element elementor-element-269c446 elementor-section-full_width elementor-section-height-default elementor-section-height-default qodef-elementor-content-no\" data-id=\"269c446\" data-element_type=\"section\" data-e-type=\"section\">\n\t\t\t\t\t\t<div class=\"elementor-container elementor-column-gap-default\">\n\t\t\t\t\t<div class=\"elementor-column elementor-col-100 elementor-top-column elementor-element elementor-element-429e7668\" data-id=\"429e7668\" data-element_type=\"column\" data-e-type=\"column\">\n\t\t\t<div class=\"elementor-widget-wrap elementor-element-populated\">\n\t\t\t\t\t\t<div class=\"elementor-element elementor-element-2134725d elementor-widget elementor-widget-augustine_core_section_title\" data-id=\"2134725d\" data-element_type=\"widget\" data-e-type=\"widget\" data-widget_type=\"augustine_core_section_title.default\">\n\t\t\t\t<div class=\"elementor-widget-container\">\n\t\t\t\t\t<div class=\"qodef-shortcode qodef-m  qodef-section-title qodef-alignment--center  qodef-title-appear qodef-title-alt-appear  qodef-global-appear\">\n\t\t\t\t<h2 class=\"qodef-m-title\" style=\"color: #E3D5D5\">\n\t\t\t\t\tRestaurierung\t\t\t<\/h2>\n\t\t<\/div>\t\t\t\t<\/div>\n\t\t\t\t<\/div>\n\t\t\t\t\t<\/div>\n\t\t<\/div>\n\t\t\t\t\t<\/div>\n\t\t<\/section>\n\t\t\t\t<section class=\"elementor-section elementor-top-section elementor-element elementor-element-625a3c3c elementor-section-full_width qodef-elementor-content-grid elementor-section-height-default elementor-section-height-default\" data-id=\"625a3c3c\" data-element_type=\"section\" data-e-type=\"section\">\n\t\t\t\t\t\t<div class=\"elementor-container elementor-column-gap-default\">\n\t\t\t\t\t<div class=\"elementor-column elementor-col-100 elementor-top-column elementor-element elementor-element-67df91d6 elementor-hidden-tablet elementor-hidden-phone\" data-id=\"67df91d6\" data-element_type=\"column\" data-e-type=\"column\">\n\t\t\t<div class=\"elementor-widget-wrap elementor-element-populated\">\n\t\t\t\t\t\t<div class=\"elementor-element elementor-element-e0726c6 elementor-widget elementor-widget-text-editor\" data-id=\"e0726c6\" data-element_type=\"widget\" data-e-type=\"widget\" data-widget_type=\"text-editor.default\">\n\t\t\t\t<div class=\"elementor-widget-container\">\n\t\t\t\t\t\t\t\t\t<h5 class=\"c-heroslider__central-block_titles_title\">\u00a0 \u00a0 \u00a0 \u00a0 \u00a0 \u00a0 \u00a0 \u00a0 \u00a0Entdecken Sie die ges\u00fcndeste Gastronomie in C\u00e1diz.\n<\/h5>\t\t\t\t\t\t\t\t<\/div>\n\t\t\t\t<\/div>\n\t\t\t\t\t<\/div>\n\t\t<\/div>\n\t\t\t\t\t<\/div>\n\t\t<\/section>\n\t\t<div class=\"elementor-element elementor-element-4f2ec05 e-flex e-con-boxed e-con e-parent\" data-id=\"4f2ec05\" data-element_type=\"container\" data-e-type=\"container\">\n\t\t\t\t\t<div class=\"e-con-inner\">\n\t\t\t\t<div class=\"elementor-element elementor-element-4153f01 elementor-widget elementor-widget-text-editor\" data-id=\"4153f01\" data-element_type=\"widget\" data-e-type=\"widget\" data-widget_type=\"text-editor.default\">\n\t\t\t\t<div class=\"elementor-widget-container\">\n\t\t\t\t\t\t\t\t\t<p style=\"text-align: center;\"><a class=\"S1PPyQ\" draggable=\"false\" href=\"http:\/\/novo resor\" target=\"_blank\" rel=\"noopener\">Breites Angebot an Gastronomie<\/a><\/p><table border=\"0\"><tbody><tr><td>Restaurant &#8211; Chez Lumi\u00e9re<\/td><td>\u00c0 la carte, franz\u00f6sische K\u00fcche. K\u00fcchenchef Juanlu Fern\u00e1ndez, ein Koch mit 1 Michelin-Stern<\/td><\/tr><tr><td>Falle: Almadraba<\/td><td>Hauptrestaurant. Buffet mit lokaler und internationaler K\u00fcche, unbedingt probieren<\/td><\/tr><tr><td>Restaurant Atunante\u00a0<\/td><td>\u00c0 la carte, Spezialit\u00e4t Thunfisch<\/td><\/tr><tr><td><p>Bar Prado del Rey<\/p><\/td><td>Genie\u00dfen Sie eine Auswahl an Gin Tonics oder Cocktails, lauschen Sie dem Pianisten (siehe Zeitplan)<\/td><\/tr><tr><td>Irish Pub &#8211; The Dubl\u00edn Bay<\/td><td>Echte, mit Bowlingbahnen, Billard und Bildschirmen f\u00fcr Sportereignisse.<\/td><\/tr><tr><td>Music Lounge &#8211; Saarq<\/td><td>Indische und orientalische K\u00fcche und Cocktails<\/td><\/tr><tr><td>Sunset Cocktails &amp; More<\/td><td>Wundersch\u00f6ne Terrasse mit Meerblick. Chill-out-Atmosph\u00e4re<\/td><\/tr><tr><td><p>La Zumer\u00eda &#8211; Pool Bar and Snack Bar<\/p><\/td><td>Perfekt f\u00fcr Kaffee oder Softdrinks, wann immer Sie wollen.<\/td><\/tr><\/tbody><\/table>\t\t\t\t\t\t\t\t<\/div>\n\t\t\t\t<\/div>\n\t\t\t\t\t<\/div>\n\t\t\t\t<\/div>\n\t\t<div class=\"elementor-element elementor-element-58ddafc e-flex e-con-boxed e-con e-parent\" data-id=\"58ddafc\" data-element_type=\"container\" data-e-type=\"container\">\n\t\t\t\t\t<div class=\"e-con-inner\">\n\t\t\t\t<div class=\"elementor-element elementor-element-8a0555c elementor-widget elementor-widget-spacer\" data-id=\"8a0555c\" data-element_type=\"widget\" data-e-type=\"widget\" data-widget_type=\"spacer.default\">\n\t\t\t\t<div class=\"elementor-widget-container\">\n\t\t\t\t\t\t\t<div class=\"elementor-spacer\">\n\t\t\t<div class=\"elementor-spacer-inner\"><\/div>\n\t\t<\/div>\n\t\t\t\t\t\t<\/div>\n\t\t\t\t<\/div>\n\t\t\t\t\t<\/div>\n\t\t\t\t<\/div>\n\t\t<div class=\"elementor-element elementor-element-37aac9d e-flex e-con-boxed e-con e-parent\" data-id=\"37aac9d\" data-element_type=\"container\" data-e-type=\"container\">\n\t\t\t\t\t<div class=\"e-con-inner\">\n\t\t\t\t<div class=\"elementor-element elementor-element-f6bfd73 elementor-widget elementor-widget-augustine_core_image_gallery\" data-id=\"f6bfd73\" data-element_type=\"widget\" data-e-type=\"widget\" data-widget_type=\"augustine_core_image_gallery.default\">\n\t\t\t\t<div class=\"elementor-widget-container\">\n\t\t\t\t\t<div class=\"qodef-shortcode qodef-m  qodef-image-gallery      qodef-grid qodef-layout--columns  qodef-gutter--normal qodef-col-num--3  qodef-responsive--predefined\" style=\"transition-delay: ms\">\n\t<div class=\"qodef-grid-inner clear\">\n\t\t<div class=\"qodef-e qodef-image-wrapper qodef-grid-item qodef-grid-item\">\n\t\t\t<img fetchpriority=\"high\" decoding=\"async\" width=\"2560\" height=\"1707\" src=\"https:\/\/i0.wp.com\/novoresort.com\/wp-content\/uploads\/2023\/02\/RHSANC_COCK_01-copia-scaled.jpg?fit=2560%2C1707&amp;ssl=1\" class=\"attachment-full size-full\" alt=\"\" srcset=\"https:\/\/i0.wp.com\/novoresort.com\/wp-content\/uploads\/2023\/02\/RHSANC_COCK_01-copia-scaled.jpg?w=2560&amp;ssl=1 2560w, https:\/\/i0.wp.com\/novoresort.com\/wp-content\/uploads\/2023\/02\/RHSANC_COCK_01-copia-scaled.jpg?resize=300%2C200&amp;ssl=1 300w, https:\/\/i0.wp.com\/novoresort.com\/wp-content\/uploads\/2023\/02\/RHSANC_COCK_01-copia-scaled.jpg?resize=1024%2C683&amp;ssl=1 1024w, https:\/\/i0.wp.com\/novoresort.com\/wp-content\/uploads\/2023\/02\/RHSANC_COCK_01-copia-scaled.jpg?resize=768%2C512&amp;ssl=1 768w, https:\/\/i0.wp.com\/novoresort.com\/wp-content\/uploads\/2023\/02\/RHSANC_COCK_01-copia-scaled.jpg?resize=1536%2C1024&amp;ssl=1 1536w, https:\/\/i0.wp.com\/novoresort.com\/wp-content\/uploads\/2023\/02\/RHSANC_COCK_01-copia-scaled.jpg?resize=2048%2C1365&amp;ssl=1 2048w, https:\/\/i0.wp.com\/novoresort.com\/wp-content\/uploads\/2023\/02\/RHSANC_COCK_01-copia-scaled.jpg?resize=1320%2C880&amp;ssl=1 1320w, https:\/\/i0.wp.com\/novoresort.com\/wp-content\/uploads\/2023\/02\/RHSANC_COCK_01-copia-scaled.jpg?resize=598%2C399&amp;ssl=1 598w\" sizes=\"(max-width: 1300px) 100vw, 1300px\" \/>\t\t<\/div><div class=\"qodef-e qodef-image-wrapper qodef-grid-item qodef-grid-item\">\n\t\t\t<img decoding=\"async\" width=\"2560\" height=\"1707\" src=\"https:\/\/i0.wp.com\/novoresort.com\/wp-content\/uploads\/2023\/02\/RHSANC_GAST_40-scaled.jpg?fit=2560%2C1707&amp;ssl=1\" class=\"attachment-full size-full\" alt=\"\" srcset=\"https:\/\/i0.wp.com\/novoresort.com\/wp-content\/uploads\/2023\/02\/RHSANC_GAST_40-scaled.jpg?w=2560&amp;ssl=1 2560w, https:\/\/i0.wp.com\/novoresort.com\/wp-content\/uploads\/2023\/02\/RHSANC_GAST_40-scaled.jpg?resize=300%2C200&amp;ssl=1 300w, https:\/\/i0.wp.com\/novoresort.com\/wp-content\/uploads\/2023\/02\/RHSANC_GAST_40-scaled.jpg?resize=1024%2C683&amp;ssl=1 1024w, https:\/\/i0.wp.com\/novoresort.com\/wp-content\/uploads\/2023\/02\/RHSANC_GAST_40-scaled.jpg?resize=768%2C512&amp;ssl=1 768w, https:\/\/i0.wp.com\/novoresort.com\/wp-content\/uploads\/2023\/02\/RHSANC_GAST_40-scaled.jpg?resize=1536%2C1024&amp;ssl=1 1536w, https:\/\/i0.wp.com\/novoresort.com\/wp-content\/uploads\/2023\/02\/RHSANC_GAST_40-scaled.jpg?resize=2048%2C1365&amp;ssl=1 2048w, https:\/\/i0.wp.com\/novoresort.com\/wp-content\/uploads\/2023\/02\/RHSANC_GAST_40-scaled.jpg?resize=1320%2C880&amp;ssl=1 1320w, https:\/\/i0.wp.com\/novoresort.com\/wp-content\/uploads\/2023\/02\/RHSANC_GAST_40-scaled.jpg?resize=598%2C399&amp;ssl=1 598w\" sizes=\"(max-width: 1300px) 100vw, 1300px\" \/>\t\t<\/div><div class=\"qodef-e qodef-image-wrapper qodef-grid-item qodef-grid-item\">\n\t\t\t<img decoding=\"async\" width=\"2560\" height=\"1707\" src=\"https:\/\/i0.wp.com\/novoresort.com\/wp-content\/uploads\/2023\/02\/RHSANC_GAST_48-scaled.jpg?fit=2560%2C1707&amp;ssl=1\" class=\"attachment-full size-full\" alt=\"\" srcset=\"https:\/\/i0.wp.com\/novoresort.com\/wp-content\/uploads\/2023\/02\/RHSANC_GAST_48-scaled.jpg?w=2560&amp;ssl=1 2560w, https:\/\/i0.wp.com\/novoresort.com\/wp-content\/uploads\/2023\/02\/RHSANC_GAST_48-scaled.jpg?resize=300%2C200&amp;ssl=1 300w, https:\/\/i0.wp.com\/novoresort.com\/wp-content\/uploads\/2023\/02\/RHSANC_GAST_48-scaled.jpg?resize=1024%2C683&amp;ssl=1 1024w, https:\/\/i0.wp.com\/novoresort.com\/wp-content\/uploads\/2023\/02\/RHSANC_GAST_48-scaled.jpg?resize=768%2C512&amp;ssl=1 768w, https:\/\/i0.wp.com\/novoresort.com\/wp-content\/uploads\/2023\/02\/RHSANC_GAST_48-scaled.jpg?resize=1536%2C1024&amp;ssl=1 1536w, https:\/\/i0.wp.com\/novoresort.com\/wp-content\/uploads\/2023\/02\/RHSANC_GAST_48-scaled.jpg?resize=2048%2C1365&amp;ssl=1 2048w, https:\/\/i0.wp.com\/novoresort.com\/wp-content\/uploads\/2023\/02\/RHSANC_GAST_48-scaled.jpg?resize=1320%2C880&amp;ssl=1 1320w, https:\/\/i0.wp.com\/novoresort.com\/wp-content\/uploads\/2023\/02\/RHSANC_GAST_48-scaled.jpg?resize=598%2C399&amp;ssl=1 598w\" sizes=\"(max-width: 1300px) 100vw, 1300px\" \/>\t\t<\/div>\t<\/div>\n<\/div>\t\t\t\t<\/div>\n\t\t\t\t<\/div>\n\t\t\t\t\t<\/div>\n\t\t\t\t<\/div>\n\t\t<div class=\"elementor-element elementor-element-2de1c1d e-flex e-con-boxed e-con e-parent\" data-id=\"2de1c1d\" data-element_type=\"container\" data-e-type=\"container\">\n\t\t\t\t\t<div class=\"e-con-inner\">\n\t\t<div class=\"elementor-element elementor-element-f8120a1 e-con-full e-flex e-con e-parent\" data-id=\"f8120a1\" data-element_type=\"container\" data-e-type=\"container\">\n\t\t\t\t<div class=\"elementor-element elementor-element-11b0177 elementor-widget elementor-widget-image\" data-id=\"11b0177\" data-element_type=\"widget\" data-e-type=\"widget\" data-widget_type=\"image.default\">\n\t\t\t\t<div class=\"elementor-widget-container\">\n\t\t\t\t\t\t\t\t\t\t\t\t\t\t\t<img loading=\"lazy\" decoding=\"async\" width=\"1024\" height=\"512\" src=\"https:\/\/i0.wp.com\/novoresort.com\/wp-content\/uploads\/2023\/03\/1604558849356.jpg?fit=1024%2C512&amp;ssl=1\" class=\"attachment-large size-large wp-image-12045\" alt=\"\" srcset=\"https:\/\/i0.wp.com\/novoresort.com\/wp-content\/uploads\/2023\/03\/1604558849356.jpg?w=1400&amp;ssl=1 1400w, https:\/\/i0.wp.com\/novoresort.com\/wp-content\/uploads\/2023\/03\/1604558849356.jpg?resize=300%2C150&amp;ssl=1 300w, https:\/\/i0.wp.com\/novoresort.com\/wp-content\/uploads\/2023\/03\/1604558849356.jpg?resize=1024%2C512&amp;ssl=1 1024w, https:\/\/i0.wp.com\/novoresort.com\/wp-content\/uploads\/2023\/03\/1604558849356.jpg?resize=768%2C384&amp;ssl=1 768w, https:\/\/i0.wp.com\/novoresort.com\/wp-content\/uploads\/2023\/03\/1604558849356.jpg?resize=1300%2C650&amp;ssl=1 1300w, https:\/\/i0.wp.com\/novoresort.com\/wp-content\/uploads\/2023\/03\/1604558849356.jpg?resize=1320%2C660&amp;ssl=1 1320w, https:\/\/i0.wp.com\/novoresort.com\/wp-content\/uploads\/2023\/03\/1604558849356.jpg?resize=598%2C299&amp;ssl=1 598w\" sizes=\"(max-width: 1024px) 100vw, 1024px\" \/>\t\t\t\t\t\t\t\t\t\t\t\t\t\t\t<\/div>\n\t\t\t\t<\/div>\n\t\t\t\t<\/div>\n\t\t\t\t\t<\/div>\n\t\t\t\t<\/div>\n\t\t<div class=\"elementor-element elementor-element-4c4ef79 e-flex e-con-boxed e-con e-parent\" data-id=\"4c4ef79\" data-element_type=\"container\" data-e-type=\"container\">\n\t\t\t\t\t<div class=\"e-con-inner\">\n\t\t\t\t<div class=\"elementor-element elementor-element-d10f09f elementor-widget elementor-widget-spacer\" data-id=\"d10f09f\" data-element_type=\"widget\" data-e-type=\"widget\" data-widget_type=\"spacer.default\">\n\t\t\t\t<div class=\"elementor-widget-container\">\n\t\t\t\t\t\t\t<div class=\"elementor-spacer\">\n\t\t\t<div class=\"elementor-spacer-inner\"><\/div>\n\t\t<\/div>\n\t\t\t\t\t\t<\/div>\n\t\t\t\t<\/div>\n\t\t\t\t\t<\/div>\n\t\t\t\t<\/div>\n\t\t<div class=\"elementor-element elementor-element-9368e5e e-flex e-con-boxed e-con e-parent\" data-id=\"9368e5e\" data-element_type=\"container\" data-e-type=\"container\">\n\t\t\t\t\t<div class=\"e-con-inner\">\n\t\t\t\t<div class=\"elementor-element elementor-element-ff55d05 elementor-widget__width-initial elementor-widget elementor-widget-heading\" data-id=\"ff55d05\" data-element_type=\"widget\" data-e-type=\"widget\" data-widget_type=\"heading.default\">\n\t\t\t\t<div class=\"elementor-widget-container\">\n\t\t\t\t\t<h2 class=\"elementor-heading-title elementor-size-default\">Garten-Tour<\/h2>\t\t\t\t<\/div>\n\t\t\t\t<\/div>\n\t\t\t\t\t<\/div>\n\t\t\t\t<\/div>\n\t\t<div class=\"elementor-element elementor-element-474e1df e-flex e-con-boxed e-con e-parent\" data-id=\"474e1df\" data-element_type=\"container\" data-e-type=\"container\">\n\t\t\t\t\t<div class=\"e-con-inner\">\n\t\t\t\t<div class=\"elementor-element elementor-element-b36252f elementor-widget elementor-widget-text-editor\" data-id=\"b36252f\" data-element_type=\"widget\" data-e-type=\"widget\" data-widget_type=\"text-editor.default\">\n\t\t\t\t<div class=\"elementor-widget-container\">\n\t\t\t\t\t\t\t\t\t<h5>Worum es bei der Erfahrung geht<\/h5>\n<span style=\"font-weight: 400;\">F\u00fchrungen und botanische Touren durch die G\u00e4rten des Hotel Royal Hideaway Sancti Petri, begleitet von der Antwort auf die Hotelg\u00e4rten.<\/span>\n<br><br>\n<span style=\"font-weight: 400;\">Die Landschaftsarchitektin Isabel Alguazil hat einen Rundgang durch die Au\u00dfenanlagen des Hotels konzipiert, bei dem die wichtigsten Pflanzenarten, ihre botanischen Eigenschaften und Kombinationsm\u00f6glichkeiten vorgestellt und kommentiert werden, wobei die Kriterien f\u00fcr die Gartengestaltung erl\u00e4utert werden, so dass die Besucher Tipps f\u00fcr die Gestaltung ihres eigenen Gartens mitnehmen k\u00f6nnen. Diese von Isabel konzipierte Gartentour wird vom Verwalter der Hotelg\u00e4rten durchgef\u00fchrt, der seine Erfahrung in Bezug auf die spezifische Pflege der einzelnen Arten einbringen wird.<\/span>\n<div class=\"cmp-title\">\n<h2 class=\"cmp-title__text\">Informationen und Zeitpl\u00e4ne<\/h2>\n<\/div>\n<div class=\"aem-Grid aem-Grid--12 aem-Grid--default--12\">\n<div class=\"textimage design-base mod--inline aem-GridColumn aem-GridColumn--default--12\">\n<div class=\"c-textimage\">\n<div class=\"generic-text text\">\n<div class=\"cmp-text\">\n\n<b>Dauer:<\/b> 1 Stunde und 30 Minuten bis etwa 2 Stunden\n\n<\/div>\n<\/div>\n<\/div>\n<\/div>\n<div class=\"textimage design-base mod--inline aem-GridColumn aem-GridColumn--default--12\">\n<div class=\"c-textimage\">\n<div class=\"generic-text text\">\n<div class=\"cmp-text\">\n\n<b>Datum:<\/b> Jeden Freitag\n\n<\/div>\n<\/div>\n<\/div>\n<\/div>\n<div class=\"textimage design-base mod--inline aem-GridColumn aem-GridColumn--default--12\">\n<div class=\"c-textimage\">\n<div class=\"generic-text text\">\n<div class=\"cmp-text\">\n\n<strong>Mehr Infos<\/strong>\n\n<strong>\u2013 Personalisierte Erfahrung<\/strong>\n\n<strong>\u00b7 Geeignet f\u00fcr Menschen mit eingeschr\u00e4nkter Mobilit\u00e4t<\/strong>\n\n<strong>\u00b7 Empfohlen f\u00fcr: Gruppen, Kinder, Paare, Alleinreisende<\/strong>\n\n<\/div>\n<\/div>\n<\/div>\n<\/div>\n<\/div>\t\t\t\t\t\t\t\t<\/div>\n\t\t\t\t<\/div>\n\t\t\t\t\t<\/div>\n\t\t\t\t<\/div>\n\t\t<div class=\"elementor-element elementor-element-37429dc e-flex e-con-boxed e-con e-parent\" data-id=\"37429dc\" data-element_type=\"container\" data-e-type=\"container\">\n\t\t\t\t\t<div class=\"e-con-inner\">\n\t\t\t\t<div class=\"elementor-element elementor-element-338c8e2 elementor-widget elementor-widget-video\" data-id=\"338c8e2\" data-element_type=\"widget\" data-e-type=\"widget\" data-settings=\"{&quot;video_type&quot;:&quot;hosted&quot;,&quot;autoplay&quot;:&quot;yes&quot;,&quot;play_on_mobile&quot;:&quot;yes&quot;,&quot;loop&quot;:&quot;yes&quot;,&quot;mute&quot;:&quot;yes&quot;,&quot;controls&quot;:&quot;yes&quot;}\" data-widget_type=\"video.default\">\n\t\t\t\t<div class=\"elementor-widget-container\">\n\t\t\t\t\t\t\t<div class=\"e-hosted-video elementor-wrapper elementor-open-inline\">\n\t\t\t\t\t<video class=\"elementor-video\" src=\"https:\/\/novoresort.com\/wp-content\/uploads\/2023\/03\/cq5dam.video_-3.mp4hd.1920.1080-1-3.mp4\" autoplay=\"\" loop=\"\" controls=\"\" muted=\"muted\" playsinline=\"\" controlslist=\"nodownload\"><\/video>\n\t\t\t\t<\/div>\n\t\t\t\t\t\t<\/div>\n\t\t\t\t<\/div>\n\t\t\t\t\t<\/div>\n\t\t\t\t<\/div>\n\t\t<div class=\"elementor-element elementor-element-402df01 e-flex e-con-boxed e-con e-parent\" data-id=\"402df01\" data-element_type=\"container\" data-e-type=\"container\">\n\t\t\t\t\t<div class=\"e-con-inner\">\n\t\t\t\t<div class=\"elementor-element elementor-element-7df0fab elementor-widget elementor-widget-augustine_core_video_button\" data-id=\"7df0fab\" data-element_type=\"widget\" data-e-type=\"widget\" data-widget_type=\"augustine_core_video_button.default\">\n\t\t\t\t<div class=\"elementor-widget-container\">\n\t\t\t\t\t<div class=\"qodef-shortcode qodef-m  qodef-video-button\">\n\t\t<\/div>\t\t\t\t<\/div>\n\t\t\t\t<\/div>\n\t\t\t\t\t<\/div>\n\t\t\t\t<\/div>\n\t\t<div class=\"elementor-element elementor-element-77aca8c e-flex e-con-boxed e-con e-parent\" data-id=\"77aca8c\" data-element_type=\"container\" data-e-type=\"container\">\n\t\t\t\t\t<div class=\"e-con-inner\">\n\t\t\t\t<div class=\"elementor-element elementor-element-6148e0d elementor-widget elementor-widget-spacer\" data-id=\"6148e0d\" data-element_type=\"widget\" data-e-type=\"widget\" data-widget_type=\"spacer.default\">\n\t\t\t\t<div class=\"elementor-widget-container\">\n\t\t\t\t\t\t\t<div class=\"elementor-spacer\">\n\t\t\t<div class=\"elementor-spacer-inner\"><\/div>\n\t\t<\/div>\n\t\t\t\t\t\t<\/div>\n\t\t\t\t<\/div>\n\t\t\t\t\t<\/div>\n\t\t\t\t<\/div>\n\t\t<div class=\"elementor-element elementor-element-30b654d e-flex e-con-boxed e-con e-parent\" data-id=\"30b654d\" data-element_type=\"container\" data-e-type=\"container\">\n\t\t\t\t\t<div class=\"e-con-inner\">\n\t\t<div class=\"elementor-element elementor-element-265a2e1 e-con-full e-flex e-con e-parent\" data-id=\"265a2e1\" data-element_type=\"container\" data-e-type=\"container\">\n\t\t\t\t<div class=\"elementor-element elementor-element-cd24a4a elementor-widget elementor-widget-text-editor\" data-id=\"cd24a4a\" data-element_type=\"widget\" data-e-type=\"widget\" data-widget_type=\"text-editor.default\">\n\t\t\t\t<div class=\"elementor-widget-container\">\n\t\t\t\t\t\t\t\t\t<h3 class=\"c-header-detail__nav-title\">Outdoor-Sportarten<\/h3>\nUnser Fitnessstudio im Freien ist der beste Weg, um die eigene Energie mit der Natur zu verbinden, sei es durch sportliche, entspannende oder spielerische \u00dcbungen, die Dynamik und Wohlbefinden f\u00f6rdern. Bewegung und Freizeit.\n\nDar\u00fcber hinaus erstellen unser Fit Setter und unser Ern\u00e4hrungsberater in der Vital Corner ma\u00dfgeschneiderte Trainingsroutinen in Kombination mit Ern\u00e4hrungstabellen, die Sie w\u00e4hrend Ihres Aufenthalts genie\u00dfen k\u00f6nnen... und f\u00fcr den Rest Ihres Lebens.\t\t\t\t\t\t\t\t<\/div>\n\t\t\t\t<\/div>\n\t\t\t\t<\/div>\n\t\t<div class=\"elementor-element elementor-element-c7499ba e-con-full e-flex e-con e-parent\" data-id=\"c7499ba\" data-element_type=\"container\" data-e-type=\"container\">\n\t\t\t\t<div class=\"elementor-element elementor-element-0811a32 elementor-widget elementor-widget-image\" data-id=\"0811a32\" data-element_type=\"widget\" data-e-type=\"widget\" data-widget_type=\"image.default\">\n\t\t\t\t<div class=\"elementor-widget-container\">\n\t\t\t\t\t\t\t\t\t\t\t\t\t\t\t<img loading=\"lazy\" decoding=\"async\" width=\"1024\" height=\"576\" src=\"https:\/\/i0.wp.com\/novoresort.com\/wp-content\/uploads\/2023\/03\/Diseno-sin-titulo-5.png?fit=1024%2C576&amp;ssl=1\" class=\"attachment-large size-large wp-image-12031\" alt=\"\" srcset=\"https:\/\/i0.wp.com\/novoresort.com\/wp-content\/uploads\/2023\/03\/Diseno-sin-titulo-5.png?w=1920&amp;ssl=1 1920w, https:\/\/i0.wp.com\/novoresort.com\/wp-content\/uploads\/2023\/03\/Diseno-sin-titulo-5.png?resize=300%2C169&amp;ssl=1 300w, https:\/\/i0.wp.com\/novoresort.com\/wp-content\/uploads\/2023\/03\/Diseno-sin-titulo-5.png?resize=1024%2C576&amp;ssl=1 1024w, https:\/\/i0.wp.com\/novoresort.com\/wp-content\/uploads\/2023\/03\/Diseno-sin-titulo-5.png?resize=768%2C432&amp;ssl=1 768w, https:\/\/i0.wp.com\/novoresort.com\/wp-content\/uploads\/2023\/03\/Diseno-sin-titulo-5.png?resize=1536%2C864&amp;ssl=1 1536w, https:\/\/i0.wp.com\/novoresort.com\/wp-content\/uploads\/2023\/03\/Diseno-sin-titulo-5.png?resize=1320%2C743&amp;ssl=1 1320w, https:\/\/i0.wp.com\/novoresort.com\/wp-content\/uploads\/2023\/03\/Diseno-sin-titulo-5.png?resize=598%2C336&amp;ssl=1 598w\" sizes=\"(max-width: 1024px) 100vw, 1024px\" \/>\t\t\t\t\t\t\t\t\t\t\t\t\t\t\t<\/div>\n\t\t\t\t<\/div>\n\t\t\t\t<\/div>\n\t\t\t\t\t<\/div>\n\t\t\t\t<\/div>\n\t\t<div class=\"elementor-element elementor-element-ffd5813 e-flex e-con-boxed e-con e-parent\" data-id=\"ffd5813\" data-element_type=\"container\" data-e-type=\"container\">\n\t\t\t\t\t<div class=\"e-con-inner\">\n\t\t\t\t<div class=\"elementor-element elementor-element-9c07f25 elementor-widget elementor-widget-spacer\" data-id=\"9c07f25\" data-element_type=\"widget\" data-e-type=\"widget\" data-widget_type=\"spacer.default\">\n\t\t\t\t<div class=\"elementor-widget-container\">\n\t\t\t\t\t\t\t<div class=\"elementor-spacer\">\n\t\t\t<div class=\"elementor-spacer-inner\"><\/div>\n\t\t<\/div>\n\t\t\t\t\t\t<\/div>\n\t\t\t\t<\/div>\n\t\t\t\t\t<\/div>\n\t\t\t\t<\/div>\n\t\t<div class=\"elementor-element elementor-element-1bd75c8 e-flex e-con-boxed e-con e-parent\" data-id=\"1bd75c8\" data-element_type=\"container\" data-e-type=\"container\">\n\t\t\t\t\t<div class=\"e-con-inner\">\n\t\t<div class=\"elementor-element elementor-element-e00e159 e-con-full e-flex e-con e-parent\" data-id=\"e00e159\" data-element_type=\"container\" data-e-type=\"container\">\n\t\t\t\t<div class=\"elementor-element elementor-element-d76ef41 elementor-widget elementor-widget-text-editor\" data-id=\"d76ef41\" data-element_type=\"widget\" data-e-type=\"widget\" data-widget_type=\"text-editor.default\">\n\t\t\t\t<div class=\"elementor-widget-container\">\n\t\t\t\t\t\t\t\t\t<h3 class=\"c-header-detail__nav-title\">Open Air Yoga &amp; Tanzen im Freien<\/h3>\nEinzel- oder Gruppenunterricht, um vom Alltag abzuschalten und sich mit der Energie der uns umgebenden Natur zu verbinden.\n<br>\nTanzen im Freien ist eine M\u00f6glichkeit, seinen K\u00f6rper zu pflegen und dabei Spa\u00df mit Freunden zu haben... oder neue Freunde zu finden.\t\t\t\t\t\t\t\t<\/div>\n\t\t\t\t<\/div>\n\t\t\t\t<\/div>\n\t\t<div class=\"elementor-element elementor-element-2d310da e-con-full e-flex e-con e-parent\" data-id=\"2d310da\" data-element_type=\"container\" data-e-type=\"container\">\n\t\t\t\t<div class=\"elementor-element elementor-element-de5fa52 elementor-widget elementor-widget-image\" data-id=\"de5fa52\" data-element_type=\"widget\" data-e-type=\"widget\" data-widget_type=\"image.default\">\n\t\t\t\t<div class=\"elementor-widget-container\">\n\t\t\t\t\t\t\t\t\t\t\t\t\t\t\t<img loading=\"lazy\" decoding=\"async\" width=\"1024\" height=\"576\" src=\"https:\/\/i0.wp.com\/novoresort.com\/wp-content\/uploads\/2023\/03\/Diseno-sin-titulo-6.png?fit=1024%2C576&amp;ssl=1\" class=\"attachment-large size-large wp-image-12038\" alt=\"\" srcset=\"https:\/\/i0.wp.com\/novoresort.com\/wp-content\/uploads\/2023\/03\/Diseno-sin-titulo-6.png?w=1920&amp;ssl=1 1920w, https:\/\/i0.wp.com\/novoresort.com\/wp-content\/uploads\/2023\/03\/Diseno-sin-titulo-6.png?resize=300%2C169&amp;ssl=1 300w, https:\/\/i0.wp.com\/novoresort.com\/wp-content\/uploads\/2023\/03\/Diseno-sin-titulo-6.png?resize=1024%2C576&amp;ssl=1 1024w, https:\/\/i0.wp.com\/novoresort.com\/wp-content\/uploads\/2023\/03\/Diseno-sin-titulo-6.png?resize=768%2C432&amp;ssl=1 768w, https:\/\/i0.wp.com\/novoresort.com\/wp-content\/uploads\/2023\/03\/Diseno-sin-titulo-6.png?resize=1536%2C864&amp;ssl=1 1536w, https:\/\/i0.wp.com\/novoresort.com\/wp-content\/uploads\/2023\/03\/Diseno-sin-titulo-6.png?resize=1320%2C743&amp;ssl=1 1320w, https:\/\/i0.wp.com\/novoresort.com\/wp-content\/uploads\/2023\/03\/Diseno-sin-titulo-6.png?resize=598%2C336&amp;ssl=1 598w\" sizes=\"(max-width: 1024px) 100vw, 1024px\" \/>\t\t\t\t\t\t\t\t\t\t\t\t\t\t\t<\/div>\n\t\t\t\t<\/div>\n\t\t\t\t<\/div>\n\t\t\t\t\t<\/div>\n\t\t\t\t<\/div>\n\t\t\t\t<\/div>","protected":false},"excerpt":{"rendered":"<p>Restoration \u00a0 \u00a0 \u00a0 \u00a0 \u00a0 \u00a0 \u00a0 \u00a0 \u00a0Discover the healthiest gastronomy in C\u00e1diz. Wide range of Gastronomy Restaurant &#8211; Chez Lumi\u00e9re \u00c0 la carte, French cuisine. Chef Juanlu Fern\u00e1ndez, a chef with 1 Michelin star Trap: Almadraba Main restaurant. Buffet with local and international cuisine, must try Restaurant Atunante\u00a0 \u00c0 la carte, specialty [&hellip;]<\/p>\n","protected":false},"author":1,"featured_media":0,"parent":31,"menu_order":3,"comment_status":"closed","ping_status":"closed","template":"page-full-width.php","meta":{"footnotes":""},"class_list":["post-3759","page","type-page","status-publish","hentry"],"jetpack_sharing_enabled":true,"_links":{"self":[{"href":"https:\/\/novoresort.com\/de\/wp-json\/wp\/v2\/pages\/3759","targetHints":{"allow":["GET"]}}],"collection":[{"href":"https:\/\/novoresort.com\/de\/wp-json\/wp\/v2\/pages"}],"about":[{"href":"https:\/\/novoresort.com\/de\/wp-json\/wp\/v2\/types\/page"}],"author":[{"embeddable":true,"href":"https:\/\/novoresort.com\/de\/wp-json\/wp\/v2\/users\/1"}],"replies":[{"embeddable":true,"href":"https:\/\/novoresort.com\/de\/wp-json\/wp\/v2\/comments?post=3759"}],"version-history":[{"count":0,"href":"https:\/\/novoresort.com\/de\/wp-json\/wp\/v2\/pages\/3759\/revisions"}],"up":[{"embeddable":true,"href":"https:\/\/novoresort.com\/de\/wp-json\/wp\/v2\/pages\/31"}],"wp:attachment":[{"href":"https:\/\/novoresort.com\/de\/wp-json\/wp\/v2\/media?parent=3759"}],"curies":[{"name":"wp","href":"https:\/\/api.w.org\/{rel}","templated":true}]}}