{"id":3249,"date":"2020-12-01T13:12:50","date_gmt":"2020-12-01T13:12:50","guid":{"rendered":"https:\/\/augustine.qodeinteractive.com\/?page_id=3249"},"modified":"2023-04-17T08:46:20","modified_gmt":"2023-04-17T08:46:20","slug":"about-us","status":"publish","type":"page","link":"https:\/\/novoresort.com\/de\/about-us","title":{"rendered":"\u00dcber uns"},"content":{"rendered":"<div data-elementor-type=\"wp-page\" data-elementor-id=\"3249\" class=\"elementor elementor-3249\">\n\t\t\t\t\t\t<section class=\"elementor-section elementor-top-section elementor-element elementor-element-269c446 elementor-section-stretched elementor-section-boxed elementor-section-height-default elementor-section-height-default qodef-elementor-content-no\" data-id=\"269c446\" data-element_type=\"section\" data-e-type=\"section\" data-settings=\"{&quot;stretch_section&quot;:&quot;section-stretched&quot;}\">\n\t\t\t\t\t\t<div class=\"elementor-container elementor-column-gap-default\">\n\t\t\t\t\t<div class=\"elementor-column elementor-col-100 elementor-top-column elementor-element elementor-element-429e7668\" data-id=\"429e7668\" data-element_type=\"column\" data-e-type=\"column\">\n\t\t\t<div class=\"elementor-widget-wrap elementor-element-populated\">\n\t\t\t\t\t\t<div class=\"elementor-element elementor-element-2134725d elementor-widget elementor-widget-augustine_core_section_title\" data-id=\"2134725d\" data-element_type=\"widget\" data-e-type=\"widget\" data-widget_type=\"augustine_core_section_title.default\">\n\t\t\t\t<div class=\"elementor-widget-container\">\n\t\t\t\t\t<div class=\"qodef-shortcode qodef-m  qodef-section-title qodef-alignment--left qodef-title-break--disabled qodef-title-appear qodef-title-alt-appear\">\n\t\t\t\t<h3 class=\"qodef-m-title\" style=\"color: #2C21215C\">\n\t\t\t\t\tNovo Sancti Petri \/ Chiclana de la Frontera\t\t\t<\/h3>\n\t\t<\/div>\t\t\t\t<\/div>\n\t\t\t\t<\/div>\n\t\t\t\t\t<\/div>\n\t\t<\/div>\n\t\t\t\t\t<\/div>\n\t\t<\/section>\n\t\t<div class=\"elementor-element elementor-element-fd6e1e4 e-flex e-con-boxed e-con e-parent\" data-id=\"fd6e1e4\" data-element_type=\"container\" data-e-type=\"container\">\n\t\t\t\t\t<div class=\"e-con-inner\">\n\t\t\t\t<div class=\"elementor-element elementor-element-1a86bc4 elementor-widget elementor-widget-text-editor\" data-id=\"1a86bc4\" data-element_type=\"widget\" data-e-type=\"widget\" data-widget_type=\"text-editor.default\">\n\t\t\t\t<div class=\"elementor-widget-container\">\n\t\t\t\t\t\t\t\t\t<h5><span style=\"font-weight: 400;\">Erleben Sie Ihren perfekten Urlaub, mit Ihrer Familie und mit Ihren Freunden im Apart Hotel Novo Resort.<\/span><\/h5><p><span style=\"font-weight: 400;\">Die K\u00fcste von C\u00e1diz Licht, atmen Sie die Gezeiten des Atlantiks, lassen Sie sich in der gr\u00f6\u00dften SPA in Andalusien verw\u00f6hnen, probieren Sie die traditionelle K\u00fcche der Region und genie\u00dfen Sie unsere ger\u00e4umigen Apartments. Beobachten Sie den Sonnenuntergang, w\u00e4hrend Sie das Rauschen der Wellen an der K\u00fcste beobachten.<\/span><\/p><p><span style=\"font-weight: 400;\">Umgeben Sie sich mit \u00fcppigen G\u00e4rten, k\u00fchlen Sie sich in Pools mit Jacuzzi ab, entspannen Sie sich im Wellnessbereich und lassen Sie sich von diesem Traumort einh\u00fcllen.<\/span><\/p><p><span style=\"font-weight: 400;\">Sie finden uns in Novo Sancti Petri, am Fu\u00dfe des Strandes der Barrosa, in der Loma del Puerco einer der sieben magischen Punkte<\/span><span style=\"font-weight: 400;\">aus Chiclana de la Frontera.<\/span><\/p><p><span style=\"font-weight: 400;\">Golfpl\u00e4tze, Wanderwege, Yachthafen oder Reitwege, Museen und gastronomische Routen sind nur einige Beispiele f\u00fcr das vielf\u00e4ltige Sport- und Kulturangebot dieser Gemeinde.<\/span><\/p><p><span style=\"font-weight: 400;\">F\u00fcr die Kleinen gibt es Surfkurse, ein Kinderbecken und den Mini-Club, der t\u00e4glich verschiedene Aktivit\u00e4ten zur Unterhaltung, zum Lernen usw. anbietet.<\/span><\/p><p><span style=\"font-weight: 400;\">Ben\u00f6tigen Sie einen Babysitter-Service, eine W\u00e4scherei, einen Transfer oder eine Empfehlung?\u00a0<\/span><\/p><p><span style=\"font-weight: 400;\">Die 24-Stunden-Rezeption mit pers\u00f6nlicher und mehrsprachiger Betreuung steht zu Ihrer Verf\u00fcgung, um Ihre Ruhe und Entspannung zu gew\u00e4hrleisten.<\/span><\/p><p><span style=\"font-weight: 400;\">Willkommen im Aparthotel Novo Resort.<\/span><\/p>\t\t\t\t\t\t\t\t<\/div>\n\t\t\t\t<\/div>\n\t\t\t\t\t<\/div>\n\t\t\t\t<\/div>\n\t\t\t\t<section class=\"elementor-section elementor-top-section elementor-element elementor-element-9b2923c qodef-elementor-content-grid elementor-section-boxed elementor-section-height-default elementor-section-height-default\" data-id=\"9b2923c\" data-element_type=\"section\" data-e-type=\"section\">\n\t\t\t\t\t\t<div class=\"elementor-container elementor-column-gap-default\">\n\t\t\t\t\t<div class=\"elementor-column elementor-col-100 elementor-top-column elementor-element elementor-element-d0abee9\" data-id=\"d0abee9\" data-element_type=\"column\" data-e-type=\"column\">\n\t\t\t<div class=\"elementor-widget-wrap elementor-element-populated\">\n\t\t\t\t\t\t\t<\/div>\n\t\t<\/div>\n\t\t\t\t\t<\/div>\n\t\t<\/section>\n\t\t\t\t<section class=\"elementor-section elementor-top-section elementor-element elementor-element-625a3c3c qodef-elementor-content-grid elementor-section-boxed elementor-section-height-default elementor-section-height-default\" data-id=\"625a3c3c\" data-element_type=\"section\" data-e-type=\"section\">\n\t\t\t\t\t\t<div class=\"elementor-container elementor-column-gap-default\">\n\t\t\t\t\t<div class=\"elementor-column elementor-col-100 elementor-top-column elementor-element elementor-element-67df91d6 elementor-hidden-tablet elementor-hidden-phone\" data-id=\"67df91d6\" data-element_type=\"column\" data-e-type=\"column\">\n\t\t\t<div class=\"elementor-widget-wrap elementor-element-populated\">\n\t\t\t\t\t\t<div class=\"elementor-element elementor-element-803e2ce elementor-widget elementor-widget-image\" data-id=\"803e2ce\" data-element_type=\"widget\" data-e-type=\"widget\" data-widget_type=\"image.default\">\n\t\t\t\t<div class=\"elementor-widget-container\">\n\t\t\t\t\t\t\t\t\t\t\t\t\t\t\t<img data-recalc-dims=\"1\" height=\"300\" width=\"300\" decoding=\"async\" src=\"https:\/\/i0.wp.com\/novoresort.com\/wp-content\/uploads\/2023\/03\/cropped-cropped-Diseno-sin-titulo-2.png?resize=300%2C300&#038;ssl=1\" title=\"cropped-cropped-Diseno-sin-titulo-2.png\" alt=\"cropped-cropped-Diseno-sin-titulo-2.png\" loading=\"lazy\" \/>\t\t\t\t\t\t\t\t\t\t\t\t\t\t\t<\/div>\n\t\t\t\t<\/div>\n\t\t\t\t\t<\/div>\n\t\t<\/div>\n\t\t\t\t\t<\/div>\n\t\t<\/section>\n\t\t<div class=\"elementor-element elementor-element-f357530 e-flex e-con-boxed e-con e-parent\" data-id=\"f357530\" data-element_type=\"container\" data-e-type=\"container\">\n\t\t\t\t\t<div class=\"e-con-inner\">\n\t\t\t\t<div class=\"elementor-element elementor-element-3eba837 elementor-widget-divider--view-line elementor-widget elementor-widget-divider\" data-id=\"3eba837\" data-element_type=\"widget\" data-e-type=\"widget\" data-widget_type=\"divider.default\">\n\t\t\t\t<div class=\"elementor-widget-container\">\n\t\t\t\t\t\t\t<div class=\"elementor-divider\">\n\t\t\t<span class=\"elementor-divider-separator\">\n\t\t\t\t\t\t<\/span>\n\t\t<\/div>\n\t\t\t\t\t\t<\/div>\n\t\t\t\t<\/div>\n\t\t\t\t\t<\/div>\n\t\t\t\t<\/div>\n\t\t<div class=\"elementor-element elementor-element-bd06dfa e-flex e-con-boxed e-con e-parent\" data-id=\"bd06dfa\" data-element_type=\"container\" data-e-type=\"container\">\n\t\t\t\t\t<div class=\"e-con-inner\">\n\t\t\t\t<div class=\"elementor-element elementor-element-f9dcf69 elementor-widget elementor-widget-image\" data-id=\"f9dcf69\" data-element_type=\"widget\" data-e-type=\"widget\" data-widget_type=\"image.default\">\n\t\t\t\t<div class=\"elementor-widget-container\">\n\t\t\t\t\t\t\t\t\t\t\t\t\t\t\t<img fetchpriority=\"high\" decoding=\"async\" width=\"1024\" height=\"683\" src=\"https:\/\/i0.wp.com\/novoresort.com\/wp-content\/uploads\/2023\/02\/APTO.-3-DPOOL-III-copia-scaled.jpg?fit=1024%2C683&amp;ssl=1\" class=\"attachment-large size-large wp-image-11110\" alt=\"\" srcset=\"https:\/\/i0.wp.com\/novoresort.com\/wp-content\/uploads\/2023\/02\/APTO.-3-DPOOL-III-copia-scaled.jpg?w=2560&amp;ssl=1 2560w, https:\/\/i0.wp.com\/novoresort.com\/wp-content\/uploads\/2023\/02\/APTO.-3-DPOOL-III-copia-scaled.jpg?resize=300%2C200&amp;ssl=1 300w, https:\/\/i0.wp.com\/novoresort.com\/wp-content\/uploads\/2023\/02\/APTO.-3-DPOOL-III-copia-scaled.jpg?resize=1024%2C683&amp;ssl=1 1024w, https:\/\/i0.wp.com\/novoresort.com\/wp-content\/uploads\/2023\/02\/APTO.-3-DPOOL-III-copia-scaled.jpg?resize=768%2C512&amp;ssl=1 768w, https:\/\/i0.wp.com\/novoresort.com\/wp-content\/uploads\/2023\/02\/APTO.-3-DPOOL-III-copia-scaled.jpg?resize=1536%2C1024&amp;ssl=1 1536w, https:\/\/i0.wp.com\/novoresort.com\/wp-content\/uploads\/2023\/02\/APTO.-3-DPOOL-III-copia-scaled.jpg?resize=2048%2C1365&amp;ssl=1 2048w, https:\/\/i0.wp.com\/novoresort.com\/wp-content\/uploads\/2023\/02\/APTO.-3-DPOOL-III-copia-scaled.jpg?resize=1320%2C880&amp;ssl=1 1320w, https:\/\/i0.wp.com\/novoresort.com\/wp-content\/uploads\/2023\/02\/APTO.-3-DPOOL-III-copia-scaled.jpg?resize=600%2C400&amp;ssl=1 600w\" sizes=\"(max-width: 1024px) 100vw, 1024px\" \/>\t\t\t\t\t\t\t\t\t\t\t\t\t\t\t<\/div>\n\t\t\t\t<\/div>\n\t\t\t\t\t<\/div>\n\t\t\t\t<\/div>\n\t\t\t\t<\/div>","protected":false},"excerpt":{"rendered":"<p>Novo Sancti Petri \/ Chiclana de la Frontera Live your perfect holiday, with your family, and with your friends at Apart hotel Novo Resort. The coast of C\u00e1diz light, breathe the tide of the Atlantic Ocean, let yourself be pampered in the largest SPA in Andalusia, taste the traditional food of the area and enjoy [&hellip;]<\/p>\n","protected":false},"author":1,"featured_media":0,"parent":0,"menu_order":2,"comment_status":"closed","ping_status":"closed","template":"elementor_theme","meta":{"footnotes":""},"class_list":["post-3249","page","type-page","status-publish","hentry"],"jetpack_sharing_enabled":true,"_links":{"self":[{"href":"https:\/\/novoresort.com\/de\/wp-json\/wp\/v2\/pages\/3249","targetHints":{"allow":["GET"]}}],"collection":[{"href":"https:\/\/novoresort.com\/de\/wp-json\/wp\/v2\/pages"}],"about":[{"href":"https:\/\/novoresort.com\/de\/wp-json\/wp\/v2\/types\/page"}],"author":[{"embeddable":true,"href":"https:\/\/novoresort.com\/de\/wp-json\/wp\/v2\/users\/1"}],"replies":[{"embeddable":true,"href":"https:\/\/novoresort.com\/de\/wp-json\/wp\/v2\/comments?post=3249"}],"version-history":[{"count":0,"href":"https:\/\/novoresort.com\/de\/wp-json\/wp\/v2\/pages\/3249\/revisions"}],"wp:attachment":[{"href":"https:\/\/novoresort.com\/de\/wp-json\/wp\/v2\/media?parent=3249"}],"curies":[{"name":"wp","href":"https:\/\/api.w.org\/{rel}","templated":true}]}}